{"id":6313,"date":"2020-06-22T18:58:48","date_gmt":"2020-06-22T20:58:48","guid":{"rendered":"http:\/\/www.nossacasa.net\/shunya\/?page_id=6313"},"modified":"2020-06-22T18:58:48","modified_gmt":"2020-06-22T20:58:48","slug":"vairocana","status":"publish","type":"page","link":"http:\/\/www.nossacasa.net\/shunya\/vairocana\/","title":{"rendered":"Vairocana"},"content":{"rendered":"<p><a href=\"http:\/\/www.nossacasa.net\/shunya\/wp-content\/uploads\/2020\/06\/Variocana.jpg\"><img loading=\"lazy\" decoding=\"async\" src=\"http:\/\/www.nossacasa.net\/shunya\/wp-content\/uploads\/2020\/06\/Variocana.jpg\" alt=\"\" width=\"800\" height=\"1067\" class=\"aligncenter size-full wp-image-6314\" srcset=\"http:\/\/www.nossacasa.net\/shunya\/wp-content\/uploads\/2020\/06\/Variocana.jpg 800w, http:\/\/www.nossacasa.net\/shunya\/wp-content\/uploads\/2020\/06\/Variocana-225x300.jpg 225w, http:\/\/www.nossacasa.net\/shunya\/wp-content\/uploads\/2020\/06\/Variocana-768x1024.jpg 768w\" sizes=\"auto, (max-width: 800px) 100vw, 800px\" \/><\/a><\/p>\n<hr \/>\n<p>Vairocana (tamb\u00e9m Mah\u0101vairocana , s\u00e2nscrito : \u094b\u091a\u0928\u0930\u094b\u091a\u0928 ) \u00e9 um buda celestial que \u00e9 freq\u00fcentemente interpretado, em textos como o Avatamsaka Sutra , como o dharmak\u0101ya do Buda hist\u00f3rico Gautama. No budismo do leste asi\u00e1tico (budismo chin\u00eas , coreano e japon\u00eas), Vairocana tamb\u00e9m \u00e9 vista como a personifica\u00e7\u00e3o do conceito budista de \u015a\u016bnyat\u0101. Na concep\u00e7\u00e3o dos Cinco Tathagatas do Budismo Mahayana e Vajrayana, Vairocana est\u00e1 no centro e \u00e9 considerado um Buda Primordial .<\/p>\n<p>Vairocana n\u00e3o deve ser confundida com Vairocana Mahabali , filho de Virochana .<\/p>\n<p><strong>Hist\u00f3ria da devo\u00e7\u00e3o <\/strong><br \/>\nO Buda Vairocana \u00e9 introduzido pela primeira vez no Sutra Brahmajala :<\/p>\n<p>Agora, eu, Vairocana Buddha, estou sentado em cima de um pedestal de l\u00f3tus; Em mil flores ao meu redor, h\u00e1 mil Budas Sakyamuni. Cada flor suporta cem milh\u00f5es de mundos; em cada mundo um Buda Sakyamuni aparece. Todos est\u00e3o sentados sob uma \u00e1rvore Bodhi, todos simultaneamente alcan\u00e7am o estado de Buda. Todos esses in\u00fameros Budas t\u00eam Vairocana como seu corpo original.<\/p>\n<p>Ele tamb\u00e9m \u00e9 mencionado no Sutra de Avatamsaka; no entanto, a doutrina de Vairocana baseia-se amplamente nos ensinamentos do Mahavairocana Tantra (tamb\u00e9m conhecido como Mah\u0101vairocana-abhisa\u1e43bodhi-tantra ) e, em menor grau, no Sutra Vajrasekhara (tamb\u00e9m conhecido como Sarvatath\u0101gatatattvasa\u1e43graha Tantra).<\/p>\n<p>Ele tamb\u00e9m \u00e9 mencionado como um ep\u00edteto do Buda Gautama no Sutra da Medita\u00e7\u00e3o Samantabhadra , que mora em um lugar chamado &#8220;Luz Sempre Tranquila&#8221;.<\/p>\n<p>Vairocana \u00e9 o Buda Primordial nas escolas chinesas de Tiantai e Huayan , tamb\u00e9m aparecendo em escolas posteriores, incluindo as linhagens japonesas Kegon , Shingon e esot\u00e9ricas de Tendai. No caso de Shingon e Huayan, Vairocana \u00e9 a figura central.<\/p>\n<p>No budismo sino-japon\u00eas, Vairocana foi gradualmente substitu\u00edda como objeto de rever\u00eancia por Amit\u0101bha , devido em grande parte \u00e0 crescente popularidade do budismo da Terra Pura, mas o legado de Vairocana ainda permanece no templo de T\u014ddai-ji com sua enorme est\u00e1tua de bronze e em Shingon Budismo, que det\u00e9m uma minoria consider\u00e1vel entre os budistas japoneses.<\/p>\n<p>Durante os est\u00e1gios iniciais de sua miss\u00e3o no Jap\u00e3o, o mission\u00e1rio cat\u00f3lico Francis Xavier foi recebido pelos monges Shingon desde que usou Dainichi, o nome japon\u00eas de Vairocana, para designar o Deus crist\u00e3o. Como Xavier aprendeu mais sobre as nuances religiosas da palavra, ele substituiu o termo Deusu, que ele derivou do Deus latino e portugu\u00eas. <\/p>\n<p>O monge Shingon Dohan considerava os dois grandes Budas, Amit\u0101bha e Vairocana, como o mesmo Buda Dharmak\u0101ya e como a verdadeira natureza no centro de todos os seres e fen\u00f4menos. Existem v\u00e1rias realiza\u00e7\u00f5es que podem resultar para o praticante de Shingon, do qual Dohan fala nesse sentido, como James Sanford aponta:<\/p>\n<p>Aqui est\u00e1 a percep\u00e7\u00e3o de que Amida \u00e9 o Buda Dharmakaya, Vairocana; depois, percebe-se que Amida como Vairocana se manifesta eternamente dentro desse universo de tempo e espa\u00e7o; e, finalmente, h\u00e1 a percep\u00e7\u00e3o mais profunda de que Amida \u00e9 a verdadeira natureza, material e espiritual, de todos os seres, de que ele \u00e9 &#8220;o onipresente corpo da sabedoria, de que ele \u00e9 a realidade n\u00e3o nascida, imanifesta e imut\u00e1vel, que repousa silenciosamente no \u00e2mago de tudo&#8221;. fen\u00f4menos &#8220;.<\/p>\n<p>Helen Hardacre, escrevendo sobre o Mahavairocana Tantra , comenta que as virtudes de Mahavairocana s\u00e3o consideradas imanentemente universais em todos os seres: &#8220;A doutrina principal do Dainichikyo \u00e9 que todas as virtudes de Dainichi (Mah\u0101vairocana) s\u00e3o inerentes a n\u00f3s e a todos os seres sencientes.&#8221;<\/p>\n<hr \/>\n<p>Fonte: https:\/\/en.wikipedia.org\/wiki\/Vairocana<\/p>\n<hr \/>\n<!-- AddThis Advanced Settings generic via filter on the_content --><!-- AddThis Share Buttons generic via filter on the_content -->","protected":false},"excerpt":{"rendered":"<p>Vairocana (tamb\u00e9m Mah\u0101vairocana , s\u00e2nscrito : \u094b\u091a\u0928\u0930\u094b\u091a\u0928 ) \u00e9 um buda celestial que \u00e9 freq\u00fcentemente interpretado, em textos como o Avatamsaka Sutra , como o dharmak\u0101ya do Buda hist\u00f3rico Gautama. No budismo do leste asi\u00e1tico (budismo chin\u00eas , coreano e &hellip; <a href=\"http:\/\/www.nossacasa.net\/shunya\/vairocana\/\">Continue lendo <span class=\"meta-nav\">&rarr;<\/span><\/a><!-- AddThis Advanced Settings generic via filter on get_the_excerpt --><!-- AddThis Share Buttons generic via filter on get_the_excerpt --><\/p>\n","protected":false},"author":1,"featured_media":6314,"parent":0,"menu_order":0,"comment_status":"closed","ping_status":"closed","template":"","meta":{"footnotes":""},"class_list":["post-6313","page","type-page","status-publish","has-post-thumbnail","hentry"],"_links":{"self":[{"href":"http:\/\/www.nossacasa.net\/shunya\/wp-json\/wp\/v2\/pages\/6313","targetHints":{"allow":["GET"]}}],"collection":[{"href":"http:\/\/www.nossacasa.net\/shunya\/wp-json\/wp\/v2\/pages"}],"about":[{"href":"http:\/\/www.nossacasa.net\/shunya\/wp-json\/wp\/v2\/types\/page"}],"author":[{"embeddable":true,"href":"http:\/\/www.nossacasa.net\/shunya\/wp-json\/wp\/v2\/users\/1"}],"replies":[{"embeddable":true,"href":"http:\/\/www.nossacasa.net\/shunya\/wp-json\/wp\/v2\/comments?post=6313"}],"version-history":[{"count":1,"href":"http:\/\/www.nossacasa.net\/shunya\/wp-json\/wp\/v2\/pages\/6313\/revisions"}],"predecessor-version":[{"id":6315,"href":"http:\/\/www.nossacasa.net\/shunya\/wp-json\/wp\/v2\/pages\/6313\/revisions\/6315"}],"wp:featuredmedia":[{"embeddable":true,"href":"http:\/\/www.nossacasa.net\/shunya\/wp-json\/wp\/v2\/media\/6314"}],"wp:attachment":[{"href":"http:\/\/www.nossacasa.net\/shunya\/wp-json\/wp\/v2\/media?parent=6313"}],"curies":[{"name":"wp","href":"https:\/\/api.w.org\/{rel}","templated":true}]}}