{"id":6413,"date":"2020-06-29T16:14:29","date_gmt":"2020-06-29T18:14:29","guid":{"rendered":"http:\/\/www.nossacasa.net\/shunya\/?page_id=6413"},"modified":"2020-06-29T17:50:47","modified_gmt":"2020-06-29T19:50:47","slug":"tenzin-gyatzo","status":"publish","type":"page","link":"http:\/\/www.nossacasa.net\/shunya\/tenzin-gyatzo\/","title":{"rendered":"Tenzin Gyatzo"},"content":{"rendered":"<p><a href=\"http:\/\/www.nossacasa.net\/shunya\/wp-content\/uploads\/2020\/06\/Tenzin-Gyatzo.jpg\"><img loading=\"lazy\" decoding=\"async\" src=\"http:\/\/www.nossacasa.net\/shunya\/wp-content\/uploads\/2020\/06\/Tenzin-Gyatzo.jpg\" alt=\"\" width=\"200\" height=\"326\" class=\"aligncenter size-full wp-image-6414\" srcset=\"http:\/\/www.nossacasa.net\/shunya\/wp-content\/uploads\/2020\/06\/Tenzin-Gyatzo.jpg 200w, http:\/\/www.nossacasa.net\/shunya\/wp-content\/uploads\/2020\/06\/Tenzin-Gyatzo-184x300.jpg 184w\" sizes=\"auto, (max-width: 200px) 100vw, 200px\" \/><\/a><br \/>\n<font face=\"Verdana\" size=\"2\"><\/p>\n<div style=\"text-align:center\"><font size=\"4\"><b>Tenzin Gyatzo (1935-&nbsp;&nbsp;&nbsp;&nbsp;)<br \/><font SIZE=\"-1\">(XIV Dalai Lama do Tibete)<\/font><\/b><\/font><\/div>\n<p><\/font><\/p>\n<div style=\"text-align:justify\">\n<font FACE=\"Verdana\" SIZE=\"2\"><\/p>\n<div STYLE=\"text-align:justify\"><a NAME=\"inicio\"><\/a><\/p>\n<p ALIGN=\"JUSTIFY\">Tenzin Gyatso nasceu numa fam&iacute;lia de camponeses em Amdo, no Tibete oriental, em 1935. Aos dois anos de idade, foi reconhecido por um grupo de busca do governo e por Lamas eminentes como a d&eacute;cima quarta encarna&ccedil;&atilde;o da linhagem dos Dalai Lamas. Com quatro anos, foi levado para Lhasa e oficialmente institu&iacute;do Dalai Lama.<\/p>\n<p ALIGN=\"JUSTIFY\">Ap&oacute;s a invas&atilde;o e ocupa&ccedil;&atilde;o do Tibete pela China, em 1950, e a subseq&uuml;ente revolta popular em grande escala contra os invasores, em 1959, o Dalai Lama, junto com cem mil refugiados tibetanos, fugiu pelo Himalaia para a &Iacute;ndia e outros pa&iacute;ses vizinhos. Na &Iacute;ndia, ele redigiu o esbo&ccedil;o de uma constitui&ccedil;&atilde;o democr&aacute;tica, formou um governo tibetano no ex&iacute;lio e come&ccedil;ou a estabelecer as institui&ccedil;&otilde;es que formariam a base para uma nova sociedade tibetana: escolas, hospitais, orfanatos, cooperativas de artes&atilde;os, comunidades agr&iacute;colas, institui&ccedil;&otilde;es para a preserva&ccedil;&atilde;o da m&uacute;sica e do teatro tradicionais e institui&ccedil;&otilde;es mon&aacute;sticas. Atualmente, sob a sua lideran&ccedil;a, os tibetanos s&atilde;o um dos grupos de refugiados mais bem estabelecidos que o mundo j&aacute; viu.<\/p>\n<div STYLE=\"text-align:right\"><a HREF=\"#inicio\"><font SIZE=\"2\">Topo<\/font><\/a><\/div>\n<hr \/>\n<p><strong>Livros<\/strong>:<br \/>\n<a href=\"http:\/\/www.nossacasa.net\/shunya\/a-pratica-da-benevolencia-e-da-compaixao\/\">A pr\u00e1tica da benevol\u00eancia e da compaix\u00e3o<\/a><br \/>\n<strong>Textos<\/strong>:<br \/>\n<a href=\"http:\/\/www.nossacasa.net\/shunya\/benevolencia-e-compaixao\/\">Benevol&ecirc;ncia e Compaix&atilde;o<\/a><br \/>\n<a href=\"http:\/\/www.nossacasa.net\/shunya\/a-transformacao-atraves-do-altruismo\/\">A transforma\u00e7\u00e3o atrav\u00e9s do altru\u00edsmo<\/a><br \/>\n<a href=\"http:\/\/www.nossacasa.net\/shunya\/a-ciencia-e-a-mente\/\">A Ci&ecirc;ncia e a Mente<\/a><br \/>\n<a href=\"http:\/\/www.nossacasa.net\/shunya\/introducao-ao-budismo-tibetano\/\">Introdu&ccedil;&atilde;o ao Budismo Tibetano<\/a> <\/p>\n<hr \/>\n<\/div>\n<p><\/font><\/p>\n<div STYLE=\"text-align:right\"><a HREF=\"#inicio\">Topo<\/a><\/div>\n<\/div>\n<hr \/>\n<p>Fonte: https:\/\/ligmincha.com.br\/quem-somos\/51-linhagem\/66-gtwr<\/p>\n<hr \/>\n<!-- AddThis Advanced Settings generic via filter on the_content --><!-- AddThis Share Buttons generic via filter on the_content -->","protected":false},"excerpt":{"rendered":"<p>Tenzin Gyatzo (1935-&nbsp;&nbsp;&nbsp;&nbsp;)(XIV Dalai Lama do Tibete) Tenzin Gyatso nasceu numa fam&iacute;lia de camponeses em Amdo, no Tibete oriental, em 1935. Aos dois anos de idade, foi reconhecido por um grupo de busca do governo e por Lamas eminentes como &hellip; <a href=\"http:\/\/www.nossacasa.net\/shunya\/tenzin-gyatzo\/\">Continue lendo <span class=\"meta-nav\">&rarr;<\/span><\/a><!-- AddThis Advanced Settings generic via filter on get_the_excerpt --><!-- AddThis Share Buttons generic via filter on get_the_excerpt --><\/p>\n","protected":false},"author":1,"featured_media":6414,"parent":0,"menu_order":0,"comment_status":"closed","ping_status":"closed","template":"","meta":{"footnotes":""},"class_list":["post-6413","page","type-page","status-publish","has-post-thumbnail","hentry"],"_links":{"self":[{"href":"http:\/\/www.nossacasa.net\/shunya\/wp-json\/wp\/v2\/pages\/6413","targetHints":{"allow":["GET"]}}],"collection":[{"href":"http:\/\/www.nossacasa.net\/shunya\/wp-json\/wp\/v2\/pages"}],"about":[{"href":"http:\/\/www.nossacasa.net\/shunya\/wp-json\/wp\/v2\/types\/page"}],"author":[{"embeddable":true,"href":"http:\/\/www.nossacasa.net\/shunya\/wp-json\/wp\/v2\/users\/1"}],"replies":[{"embeddable":true,"href":"http:\/\/www.nossacasa.net\/shunya\/wp-json\/wp\/v2\/comments?post=6413"}],"version-history":[{"count":12,"href":"http:\/\/www.nossacasa.net\/shunya\/wp-json\/wp\/v2\/pages\/6413\/revisions"}],"predecessor-version":[{"id":6447,"href":"http:\/\/www.nossacasa.net\/shunya\/wp-json\/wp\/v2\/pages\/6413\/revisions\/6447"}],"wp:featuredmedia":[{"embeddable":true,"href":"http:\/\/www.nossacasa.net\/shunya\/wp-json\/wp\/v2\/media\/6414"}],"wp:attachment":[{"href":"http:\/\/www.nossacasa.net\/shunya\/wp-json\/wp\/v2\/media?parent=6413"}],"curies":[{"name":"wp","href":"https:\/\/api.w.org\/{rel}","templated":true}]}}