{"id":6460,"date":"2020-06-29T18:54:48","date_gmt":"2020-06-29T20:54:48","guid":{"rendered":"http:\/\/www.nossacasa.net\/shunya\/?page_id=6460"},"modified":"2020-06-29T18:54:48","modified_gmt":"2020-06-29T20:54:48","slug":"thondup-rinpoche","status":"publish","type":"page","link":"http:\/\/www.nossacasa.net\/shunya\/thondup-rinpoche\/","title":{"rendered":"Thondup Rinpoche"},"content":{"rendered":"<p><a href=\"http:\/\/www.nossacasa.net\/shunya\/wp-content\/uploads\/2020\/06\/TulkuThondup-1500.jpg\"><img loading=\"lazy\" decoding=\"async\" src=\"http:\/\/www.nossacasa.net\/shunya\/wp-content\/uploads\/2020\/06\/TulkuThondup-1500.jpg\" alt=\"\" width=\"1500\" height=\"1030\" class=\"aligncenter size-full wp-image-6461\" srcset=\"http:\/\/www.nossacasa.net\/shunya\/wp-content\/uploads\/2020\/06\/TulkuThondup-1500.jpg 1500w, http:\/\/www.nossacasa.net\/shunya\/wp-content\/uploads\/2020\/06\/TulkuThondup-1500-300x206.jpg 300w, http:\/\/www.nossacasa.net\/shunya\/wp-content\/uploads\/2020\/06\/TulkuThondup-1500-768x527.jpg 768w, http:\/\/www.nossacasa.net\/shunya\/wp-content\/uploads\/2020\/06\/TulkuThondup-1500-1024x703.jpg 1024w, http:\/\/www.nossacasa.net\/shunya\/wp-content\/uploads\/2020\/06\/TulkuThondup-1500-437x300.jpg 437w\" sizes=\"auto, (max-width: 1500px) 100vw, 1500px\" \/><\/a><br \/>\n<font face=\"Verdana\" size=\"2\"><\/p>\n<div style=\"text-align:center\"><font size=\"4\"><b>Thondup Rinpoche (1939\u2013 )<\/b><\/font><\/div>\n<div style=\"text-align:justify\">\nTulku Thondup Rinpoche (Tib. Spr \u0f66\u0f90\u0f74\u0f0b \u0f51\u0f7c\u0f53\u0f0b \u0f42\u0fb2\u0f74\u0f56\u0f0b, Wyl. Sprul sku don grub ) nasceu em Golok em Amdo em 1939. Foi reconhecido aos quatro anos de idade como a reencarna\u00e7\u00e3o de um famoso estudioso do mosteiro de Dodrupchen , K\u00f6nme Khenpo . Thondup Rinpoche entrou no mosteiro de Dodrupchen e estudou v\u00e1rios textos budistas, tornando-se o mestre ritual do mosteiro (Dorje Lobpon). Em 1958, mudou-se para a \u00cdndia, ensinando de 1967 a 1976 na Universidade de Lucknow e de 1976 a 1980 na Universidade de Visva-Bharati. Em 1980 ele foi para os EUA e foi pesquisador visitante na Universidade de Harvard. Ele agora trabalha na tradu\u00e7\u00e3o e pesquisa de textos budistas tibetanos, especialmente os do Nyingmatradi\u00e7\u00e3o de linhagem, sob os ausp\u00edcios da Funda\u00e7\u00e3o Buddhayana, e publicou v\u00e1rios livros, entre eles Ensinamentos Ocultos do Tibete (em terma ); Civiliza\u00e7\u00e3o budista no Tibete ; A Pr\u00e1tica de Dzogchen ( Longchenpa em Dzogchen ) e Vida Iluminada (em conduta \u00e9tica).<\/p>\n<p><strong>Publica\u00e7\u00f5es<\/strong>:<\/p>\n<p>Tulku Thondup Rinpoche, Civiliza\u00e7\u00e3o Budista no Tibete (Nova York e Londres: Routeledge e Kegan Paul, 1987)<br \/>\nTulku Thondup, A Pr\u00e1tica de Dzogchen (Ithaca: Snow Lion, 1996 e 2002) [publicado anteriormente em 1989 sob o t\u00edtulo Buddha Mind ]<br \/>\nTulku Thondup, Viagem Iluminada &#8211; Pr\u00e1tica Budista como Vida Di\u00e1ria , editado por Harold Talbott (Boston: Shambhala Publications, 1995)<br \/>\nTulku Thondup, Mestres da Medita\u00e7\u00e3o e Milagres , editado por Harold Talbott (Boston: Shambhala, 1996)<br \/>\nTulku Thondup, Vida Iluminada , Rangjung Yeshe Publica\u00e7\u00f5es ISBN 9627341307<br \/>\nTulku Thondup, Ensinamentos Ocultos do Tibete: Uma Explica\u00e7\u00e3o da Tradi\u00e7\u00e3o Terma da Escola de Budismo Nyingma (Boston: Wisdom, reimpress\u00e3o edi\u00e7\u00e3o 1997)<br \/>\nTulku Thondup, Healing Meditations (Boston e Londres: Shambhala, 1998) ISBN 1-57062-372-4<br \/>\nTulku Thondup, O Poder Curativo da Mente (Boston e Londres: Shambhala, 1998) ISBN 1-57062-330-9<br \/>\nTulku Thondup, Cura ilimitada (Boston e Londres: Shambhala, 2001) ISBN 1-57062-878-5<br \/>\nTulku Thondup, Morte Pac\u00edfica, Renascimento Alegre (Boston e Londres: Shambhala, 2005) ISBN 1-59030-182-X<br \/>\nTulku Thondup, Encarna\u00e7\u00e3o: A Hist\u00f3ria e o Misticismo da Tradi\u00e7\u00e3o Tulku do Tibete , em agosto de 2011<\/p>\n<\/div>\n<hr \/>\n<p>Fonte: https:\/\/www.rigpawiki.org\/index.php?title=Tulku_Thondup_Rinpoche<\/p>\n<hr \/>\n<p><\/font><\/p>\n<!-- AddThis Advanced Settings generic via filter on the_content --><!-- AddThis Share Buttons generic via filter on the_content -->","protected":false},"excerpt":{"rendered":"<p>Thondup Rinpoche (1939\u2013 ) Tulku Thondup Rinpoche (Tib. Spr \u0f66\u0f90\u0f74\u0f0b \u0f51\u0f7c\u0f53\u0f0b \u0f42\u0fb2\u0f74\u0f56\u0f0b, Wyl. Sprul sku don grub ) nasceu em Golok em Amdo em 1939. Foi reconhecido aos quatro anos de idade como a reencarna\u00e7\u00e3o de um famoso estudioso do &hellip; <a href=\"http:\/\/www.nossacasa.net\/shunya\/thondup-rinpoche\/\">Continue lendo <span class=\"meta-nav\">&rarr;<\/span><\/a><!-- AddThis Advanced Settings generic via filter on get_the_excerpt --><!-- AddThis Share Buttons generic via filter on get_the_excerpt --><\/p>\n","protected":false},"author":1,"featured_media":6461,"parent":0,"menu_order":0,"comment_status":"closed","ping_status":"closed","template":"","meta":{"footnotes":""},"class_list":["post-6460","page","type-page","status-publish","has-post-thumbnail","hentry"],"_links":{"self":[{"href":"http:\/\/www.nossacasa.net\/shunya\/wp-json\/wp\/v2\/pages\/6460","targetHints":{"allow":["GET"]}}],"collection":[{"href":"http:\/\/www.nossacasa.net\/shunya\/wp-json\/wp\/v2\/pages"}],"about":[{"href":"http:\/\/www.nossacasa.net\/shunya\/wp-json\/wp\/v2\/types\/page"}],"author":[{"embeddable":true,"href":"http:\/\/www.nossacasa.net\/shunya\/wp-json\/wp\/v2\/users\/1"}],"replies":[{"embeddable":true,"href":"http:\/\/www.nossacasa.net\/shunya\/wp-json\/wp\/v2\/comments?post=6460"}],"version-history":[{"count":1,"href":"http:\/\/www.nossacasa.net\/shunya\/wp-json\/wp\/v2\/pages\/6460\/revisions"}],"predecessor-version":[{"id":6462,"href":"http:\/\/www.nossacasa.net\/shunya\/wp-json\/wp\/v2\/pages\/6460\/revisions\/6462"}],"wp:featuredmedia":[{"embeddable":true,"href":"http:\/\/www.nossacasa.net\/shunya\/wp-json\/wp\/v2\/media\/6461"}],"wp:attachment":[{"href":"http:\/\/www.nossacasa.net\/shunya\/wp-json\/wp\/v2\/media?parent=6460"}],"curies":[{"name":"wp","href":"https:\/\/api.w.org\/{rel}","templated":true}]}}