{"id":6464,"date":"2020-06-29T19:01:00","date_gmt":"2020-06-29T21:01:00","guid":{"rendered":"http:\/\/www.nossacasa.net\/shunya\/?page_id=6464"},"modified":"2020-06-29T19:01:00","modified_gmt":"2020-06-29T21:01:00","slug":"traleg-kyabgon-rinpoche","status":"publish","type":"page","link":"http:\/\/www.nossacasa.net\/shunya\/traleg-kyabgon-rinpoche\/","title":{"rendered":"Traleg Kyabgon Rinpoche"},"content":{"rendered":"<p><a href=\"http:\/\/www.nossacasa.net\/shunya\/wp-content\/uploads\/2020\/06\/Traleg-Kyabgon-Rinpoche.jpg\"><img loading=\"lazy\" decoding=\"async\" src=\"http:\/\/www.nossacasa.net\/shunya\/wp-content\/uploads\/2020\/06\/Traleg-Kyabgon-Rinpoche.jpg\" alt=\"\" width=\"1280\" height=\"853\" class=\"aligncenter size-full wp-image-6465\" srcset=\"http:\/\/www.nossacasa.net\/shunya\/wp-content\/uploads\/2020\/06\/Traleg-Kyabgon-Rinpoche.jpg 1280w, http:\/\/www.nossacasa.net\/shunya\/wp-content\/uploads\/2020\/06\/Traleg-Kyabgon-Rinpoche-300x200.jpg 300w, http:\/\/www.nossacasa.net\/shunya\/wp-content\/uploads\/2020\/06\/Traleg-Kyabgon-Rinpoche-768x512.jpg 768w, http:\/\/www.nossacasa.net\/shunya\/wp-content\/uploads\/2020\/06\/Traleg-Kyabgon-Rinpoche-1024x682.jpg 1024w, http:\/\/www.nossacasa.net\/shunya\/wp-content\/uploads\/2020\/06\/Traleg-Kyabgon-Rinpoche-450x300.jpg 450w\" sizes=\"auto, (max-width: 1280px) 100vw, 1280px\" \/><\/a><br \/>\n<font face=\"Verdana\" size=\"2\"><\/p>\n<div style=\"text-align:center\"><font size=\"4\"><b>Traleg Kyabgon Rinpoche (1955\u20132012)<\/b><\/font><\/div>\n<div style=\"text-align:justify\">\nTraleg Kyabgon (1955\u20132012) nasceu no Tibete Oriental e foi educado por muitos grandes mestres das quatro principais linhagens do budismo tibetano. Ele \u00e9 o fundador do Instituto Budista Kagyu E-Vam, com sede em Melbourne, na Austr\u00e1lia, com um grande centro de pr\u00e1tica no norte de Nova York e uma comunidade de pr\u00e1tica na cidade de Nova York. Ele ensinou extensivamente em universidades e centros budistas nos EUA, Canad\u00e1, Austr\u00e1lia, Nova Zel\u00e2ndia e sudeste da \u00c1sia a partir de 1980, e \u00e9 autor de v\u00e1rios livros que apresentam ensinamentos budistas aos leitores ocidentais, incluindo A ess\u00eancia do budismo e da mente \u00e0 vontade. .<\/p>\n<\/div>\n<hr \/>\n<p>Fonte: https:\/\/www.shambhala.com\/authors\/g-n\/traleg-kyabgon.html<\/p>\n<hr \/>\n<p><\/font><\/p>\n<!-- AddThis Advanced Settings generic via filter on the_content --><!-- AddThis Share Buttons generic via filter on the_content -->","protected":false},"excerpt":{"rendered":"<p>Traleg Kyabgon Rinpoche (1955\u20132012) Traleg Kyabgon (1955\u20132012) nasceu no Tibete Oriental e foi educado por muitos grandes mestres das quatro principais linhagens do budismo tibetano. Ele \u00e9 o fundador do Instituto Budista Kagyu E-Vam, com sede em Melbourne, na Austr\u00e1lia, &hellip; <a href=\"http:\/\/www.nossacasa.net\/shunya\/traleg-kyabgon-rinpoche\/\">Continue lendo <span class=\"meta-nav\">&rarr;<\/span><\/a><!-- AddThis Advanced Settings generic via filter on get_the_excerpt --><!-- AddThis Share Buttons generic via filter on get_the_excerpt --><\/p>\n","protected":false},"author":1,"featured_media":6465,"parent":0,"menu_order":0,"comment_status":"closed","ping_status":"closed","template":"","meta":{"footnotes":""},"class_list":["post-6464","page","type-page","status-publish","has-post-thumbnail","hentry"],"_links":{"self":[{"href":"http:\/\/www.nossacasa.net\/shunya\/wp-json\/wp\/v2\/pages\/6464","targetHints":{"allow":["GET"]}}],"collection":[{"href":"http:\/\/www.nossacasa.net\/shunya\/wp-json\/wp\/v2\/pages"}],"about":[{"href":"http:\/\/www.nossacasa.net\/shunya\/wp-json\/wp\/v2\/types\/page"}],"author":[{"embeddable":true,"href":"http:\/\/www.nossacasa.net\/shunya\/wp-json\/wp\/v2\/users\/1"}],"replies":[{"embeddable":true,"href":"http:\/\/www.nossacasa.net\/shunya\/wp-json\/wp\/v2\/comments?post=6464"}],"version-history":[{"count":1,"href":"http:\/\/www.nossacasa.net\/shunya\/wp-json\/wp\/v2\/pages\/6464\/revisions"}],"predecessor-version":[{"id":6466,"href":"http:\/\/www.nossacasa.net\/shunya\/wp-json\/wp\/v2\/pages\/6464\/revisions\/6466"}],"wp:featuredmedia":[{"embeddable":true,"href":"http:\/\/www.nossacasa.net\/shunya\/wp-json\/wp\/v2\/media\/6465"}],"wp:attachment":[{"href":"http:\/\/www.nossacasa.net\/shunya\/wp-json\/wp\/v2\/media?parent=6464"}],"curies":[{"name":"wp","href":"https:\/\/api.w.org\/{rel}","templated":true}]}}