{"id":6468,"date":"2020-06-29T19:10:09","date_gmt":"2020-06-29T21:10:09","guid":{"rendered":"http:\/\/www.nossacasa.net\/shunya\/?page_id=6468"},"modified":"2020-06-29T19:10:09","modified_gmt":"2020-06-29T21:10:09","slug":"tsele-natsok-rangdrol","status":"publish","type":"page","link":"http:\/\/www.nossacasa.net\/shunya\/tsele-natsok-rangdrol\/","title":{"rendered":"Tsele Natsok Rangdr\u00f6l"},"content":{"rendered":"<p><a href=\"http:\/\/www.nossacasa.net\/shunya\/wp-content\/uploads\/2020\/06\/tsele-natsok-rangdr\u00f6l.jpg\"><img loading=\"lazy\" decoding=\"async\" src=\"http:\/\/www.nossacasa.net\/shunya\/wp-content\/uploads\/2020\/06\/tsele-natsok-rangdr\u00f6l.jpg\" alt=\"\" width=\"800\" height=\"400\" class=\"aligncenter size-full wp-image-6469\" srcset=\"http:\/\/www.nossacasa.net\/shunya\/wp-content\/uploads\/2020\/06\/tsele-natsok-rangdr\u00f6l.jpg 800w, http:\/\/www.nossacasa.net\/shunya\/wp-content\/uploads\/2020\/06\/tsele-natsok-rangdr\u00f6l-300x150.jpg 300w, http:\/\/www.nossacasa.net\/shunya\/wp-content\/uploads\/2020\/06\/tsele-natsok-rangdr\u00f6l-768x384.jpg 768w, http:\/\/www.nossacasa.net\/shunya\/wp-content\/uploads\/2020\/06\/tsele-natsok-rangdr\u00f6l-500x250.jpg 500w\" sizes=\"auto, (max-width: 800px) 100vw, 800px\" \/><\/a><br \/>\n<font face=\"Verdana\" size=\"2\"><\/p>\n<div style=\"text-align:center\"><font size=\"4\"><b>Tsele Natsok Rangdr\u00f6l (1608\u2013?)<\/b><\/font><\/div>\n<div style=\"text-align:justify\">\nTsele Natsok Rangdrol (Tib. \u0f62\u0fa9\u0f7a\u0f0b. \u0f66\u0fa3\u0f0b\u0f5a\u0f7c\u0f42\u0f66\u0f0b \u0f62\u0f44\u0f0b \u0f42\u0fb2\u0f7c\u0f63\u0f0b, Wyl. Rtse le sna tshogs tocou grol ) (nascido em 1608) nasceu perto da fronteira das prov\u00edncias tibetanas Kongpo e Dakpo . Ele foi reconhecido como a reencarna\u00e7\u00e3o imediata de Tendzin Dorje (1535-1605?), E tamb\u00e9m como uma reencarna\u00e7\u00e3o de G\u00f6tsangpa , um grande mestre da linhagem Drukpa Kagy\u00fc , uma emana\u00e7\u00e3o de Milarepa . Em sua juventude, estudou com o Terceiro Pawo Rinpoche e o famoso tert\u00f6n Jats\u00f6n Nyingpo , al\u00e9m de outros grandes professores das linhagens Kagy\u00fc e Nyingma . Jamyang Khyentse Ch\u00f6kyi Lodr\u00f6 eDilgo Khyentse Rinpoche incentivou o estudo de seus escritos, pois eles s\u00e3o particularmente adequados para os seres desses tempos. V\u00e1rios deles foram traduzidos para o ingl\u00eas por Erik Pema Kunsang .<\/p>\n<p><strong>Trabalhos traduzidos para o ingl\u00eas<\/strong><\/p>\n<p>Tsele Natsok Rangdrol, O cora\u00e7\u00e3o da quest\u00e3o , Publica\u00e7\u00f5es de Rangjung Yeshe, 1996<br \/>\nTsele Natsok Rangdrol, Empoderamento e o caminho da liberta\u00e7\u00e3o , Publica\u00e7\u00f5es de Rangjung Yeshe, 1993<br \/>\nTsele Natsok Rangdrol, L\u00e2mpada de Mahamudra , Shambhala, 1989<br \/>\nTsele Natsok Rangdrol, Espelho da Aten\u00e7\u00e3o Plena , Shambhala, 1989<br \/>\nTsele Natsok Rangdrol, O C\u00edrculo do Sol , Publica\u00e7\u00f5es de Rangjung Yeshe, 1990<\/p>\n<\/div>\n<hr \/>\n<p>Fonte: https:\/\/www.rigpawiki.org\/index.php?title=Tsele_Natsok_Rangdrol<\/p>\n<hr \/>\n<p><\/font><\/p>\n<!-- AddThis Advanced Settings generic via filter on the_content --><!-- AddThis Share Buttons generic via filter on the_content -->","protected":false},"excerpt":{"rendered":"<p>Tsele Natsok Rangdr\u00f6l (1608\u2013?) Tsele Natsok Rangdrol (Tib. \u0f62\u0fa9\u0f7a\u0f0b. \u0f66\u0fa3\u0f0b\u0f5a\u0f7c\u0f42\u0f66\u0f0b \u0f62\u0f44\u0f0b \u0f42\u0fb2\u0f7c\u0f63\u0f0b, Wyl. Rtse le sna tshogs tocou grol ) (nascido em 1608) nasceu perto da fronteira das prov\u00edncias tibetanas Kongpo e Dakpo . Ele foi reconhecido como a reencarna\u00e7\u00e3o &hellip; <a href=\"http:\/\/www.nossacasa.net\/shunya\/tsele-natsok-rangdrol\/\">Continue lendo <span class=\"meta-nav\">&rarr;<\/span><\/a><!-- AddThis Advanced Settings generic via filter on get_the_excerpt --><!-- AddThis Share Buttons generic via filter on get_the_excerpt --><\/p>\n","protected":false},"author":1,"featured_media":6469,"parent":0,"menu_order":0,"comment_status":"closed","ping_status":"closed","template":"","meta":{"footnotes":""},"class_list":["post-6468","page","type-page","status-publish","has-post-thumbnail","hentry"],"_links":{"self":[{"href":"http:\/\/www.nossacasa.net\/shunya\/wp-json\/wp\/v2\/pages\/6468","targetHints":{"allow":["GET"]}}],"collection":[{"href":"http:\/\/www.nossacasa.net\/shunya\/wp-json\/wp\/v2\/pages"}],"about":[{"href":"http:\/\/www.nossacasa.net\/shunya\/wp-json\/wp\/v2\/types\/page"}],"author":[{"embeddable":true,"href":"http:\/\/www.nossacasa.net\/shunya\/wp-json\/wp\/v2\/users\/1"}],"replies":[{"embeddable":true,"href":"http:\/\/www.nossacasa.net\/shunya\/wp-json\/wp\/v2\/comments?post=6468"}],"version-history":[{"count":1,"href":"http:\/\/www.nossacasa.net\/shunya\/wp-json\/wp\/v2\/pages\/6468\/revisions"}],"predecessor-version":[{"id":6470,"href":"http:\/\/www.nossacasa.net\/shunya\/wp-json\/wp\/v2\/pages\/6468\/revisions\/6470"}],"wp:featuredmedia":[{"embeddable":true,"href":"http:\/\/www.nossacasa.net\/shunya\/wp-json\/wp\/v2\/media\/6469"}],"wp:attachment":[{"href":"http:\/\/www.nossacasa.net\/shunya\/wp-json\/wp\/v2\/media?parent=6468"}],"curies":[{"name":"wp","href":"https:\/\/api.w.org\/{rel}","templated":true}]}}