{"id":6495,"date":"2020-06-30T13:48:14","date_gmt":"2020-06-30T15:48:14","guid":{"rendered":"http:\/\/www.nossacasa.net\/shunya\/?page_id=6495"},"modified":"2020-06-30T13:48:14","modified_gmt":"2020-06-30T15:48:14","slug":"sakya","status":"publish","type":"page","link":"http:\/\/www.nossacasa.net\/shunya\/sakya\/","title":{"rendered":"Sakya"},"content":{"rendered":"<p><font face=\"Verdana\" size=\"2\"><\/p>\n<div style=\"text-align:center\"><a name=\"inicio1\"><\/a><a href=\"http:\/\/www.nossacasa.net\/shunya\/wp-content\/uploads\/2020\/06\/Sakya.jpg\"><img loading=\"lazy\" decoding=\"async\" src=\"http:\/\/www.nossacasa.net\/shunya\/wp-content\/uploads\/2020\/06\/Sakya.jpg\" alt=\"\" width=\"448\" height=\"600\" class=\"aligncenter size-full wp-image-6496\" srcset=\"http:\/\/www.nossacasa.net\/shunya\/wp-content\/uploads\/2020\/06\/Sakya.jpg 448w, http:\/\/www.nossacasa.net\/shunya\/wp-content\/uploads\/2020\/06\/Sakya-224x300.jpg 224w\" sizes=\"auto, (max-width: 448px) 100vw, 448px\" \/><\/a><\/div>\n<p><\/font><font face=\"Verdana\" size=\"2\" color=\"#000000\"><\/p>\n<div style=\"text-align:justify\">\nA escola Sakya (tibetano : \u0f66\u0f0b \u0f66\u0f90\u0fb1\u0f0b ,  Wylie : sa skya , &#8220;terra p\u00e1lida&#8221;) \u00e9 uma das quatro principais escolas do budismo tibetano, sendo as outras a <a href=\"http:\/\/www.nossacasa.net\/shunya\/nyingma\/\">Nyingma<\/a> , Kagyu e Gelug. \u00c9 uma das ordens da <a href=\"https:\/\/pt.qwe.wiki\/wiki\/Red_Hat_sect\" rel=\"noopener noreferrer\" target=\"_blank\">Red Hat<\/a>, juntamente com o Nyingma e Kagyu.<\/p>\n<p><strong>Origens<\/strong><\/p>\n<p><strong>Mosteiro Sakya<\/strong><\/p>\n<p>O nome Sakya (&#8220;terra p\u00e1lida&#8221;) deriva da paisagem cinzenta e \u00fanica de Pompori no sul do Tibete, perto de Shigatse, onde o Mosteiro Sakya, o primeiro mosteiro desta tradi\u00e7\u00e3o, e a sede da Escola Sakya foi constru\u00eddo por Khon Konchog Gyalpo (1034 -1102) em 1073.<\/p>\n<p>A tradi\u00e7\u00e3o Sakya desenvolvida durante o segundo per\u00edodo de tradu\u00e7\u00e3o de escrituras budistas do s\u00e2nscrito para o tibetano no final do s\u00e9culo XI. Foi fundada por Drogmi, um famoso estudioso e tradutor que tinha estudado na Vikramashila diretamente sob Naropa, Ratn\u0101kara\u015b\u0101nti, Vagishvakirti e outros grandes panditas da \u00cdndia, por doze anos.<\/p>\n<p>Khon Konchog Gyalpo tornou-se disc\u00edpulo de Drogmi sobre o conselho de seu irm\u00e3o mais velho.<\/p>\n<p>A tradi\u00e7\u00e3o foi estabelecida pelos &#8220;Cinco Supremo Vener\u00e1veis Mestres&#8221; come\u00e7ando com o neto de Khonchog Gyalpo, Sachen Kunga Nyingpo, que ficou conhecido como Sachen, ou &#8220;Grande Sakyapa&#8221;:<\/p>\n<p>Sachen kunga nyingpo (1092-1158)<br \/>\nSonam Tsemo (1142-1182)<br \/>\nJetsun Dragpa Gyaltsen (1147-1216)<br \/>\nSakya Pandita (1182-1251)<br \/>\nDrog\u00f6n Ch\u00f6gyal Phagpa (1235-1280)<\/p>\n<p>Buton Rinchen Drub (1290-1364) foi um importante estudioso e escritor e um dos historiadores mais c\u00e9lebres do Tibete. Outros estudiosos not\u00e1veis da tradi\u00e7\u00e3o Sakya s\u00e3o os chamados &#8220;Seis Ornamentos do Tibet:&#8221;<\/p>\n<p>Yaktuk Sangyey Pal<br \/>\nRongt\u00f6n (1367-1449)<br \/>\nNgorchen Kunga Zangpo<br \/>\nZongpa Kunga Namgyel<br \/>\nGorampa (1429-1489)<br \/>\nSakya Chokden (1428-1507)<\/p>\n<p>A lideran\u00e7a da escola Sakya \u00e9 transmitida atrav\u00e9s de um sistema heredit\u00e1rio entre os membros masculinos do ramo Sakya da fam\u00edlia Khon.<\/p>\n<p><strong>Sakya Pandita<\/strong><\/p>\n<p>Sachen, o primeiro dos cinco mestres supremos, herdou uma riqueza de doutrinas t\u00e2ntricas de diversos tradutores tibetanos  ou &#8220;lotsawas&#8221; que tinham visitado a \u00cdndia: os mais importantes Drokmi Lotsawa, Bari Lotsawa e Mal Lotsawa . De Drokmi vem o ensinamento supremo de Sakya, o sistema de Lamdre &#8220;Caminho e seu fruto&#8221; decorrente da Mahasiddha Virupa baseado no Hevajra Tantra. Mal Lotsawa apresentou a Sakya, o esot\u00e9rico Vajrayoguini, linhagem conhecida como &#8220;Naro Khachoma.&#8221; De Bari Lotsawa vieram inumer\u00e1veis pr\u00e1ticas t\u00e2ntricas, a principal foi o ciclo de pr\u00e1ticas conhecido como o One Hundred Sadhanas. Outras transmiss\u00f5es importantes que fazem parte do curr\u00edculo espiritual Sakya incluem os ciclos dos tantras Vajrakilaya , Mahakala e Guhyasamaja.<\/p>\n<p>O quarto patriarca Sakya, Sakya Pandita, foi not\u00e1vel por sua erudi\u00e7\u00e3o excepcional e comp\u00f4s muitos textos importantes e influentes no sutra e tantra, incluindo &#8220;Meios de Cogni\u00e7\u00e3o V\u00e1lida: Um Tesouro de racioc\u00ednio&#8221; (Wylie : tshad ma plataformas gter), &#8220;esclarecendo o Inten\u00e7\u00e3o do s\u00e1bio&#8221;(Wylie : thub pa dgongs gsal) e &#8220;Discriminar os tr\u00eas votos&#8221;(Wylie : sdom gsum rab dbye).<\/p>\n<p>O principal sistema de Dharma da escola Sakya \u00e9 o &#8220;Caminho com seu resultado&#8221; (Wylie : lam Dang &#8216;BCA suti\u00e3s bu), que \u00e9 dividido em duas linhagens principais, &#8216;Explica\u00e7\u00e3o para a Assembl\u00e9ia'(Wylie : tshogs bshad) e &#8221; explica\u00e7\u00e3o para os Disc\u00edpulos&#8221;(Wylie : slobs bShad).<\/p>\n<p>O outro grande sistema da escola Sakya \u00e9 o &#8220;Naropa Explica\u00e7\u00e3o para os disc\u00edpulos&#8221; (Wylie : n\u0101 ro mkha spyod Slob bshad).<\/p>\n<p><strong>Subescolas<\/strong><\/p>\n<p>No devido tempo, duas subseitas surgiram a partir da principal linhagem Sakya,<\/p>\n<p><strong>Ngor<\/strong>, fundada em Tsang por Ngorchen Kunga Zangpo (1382-1457).<br \/>\nA escola Ngor \u00e9 centrado em Ngor Evam Choden mosteiro. Ela representa 85% da escola Sakyapa e a maioria, se n\u00e3o todos os mosteiros na \u00cdndia s\u00e3o Ngorpa, al\u00e9m do mosteiro de Sakya Trizin.<\/p>\n<p><strong>Tshar<\/strong>, fundada por Tsarchen Losal Gyamtso (1496 &#8211; 1560 ou 1502-1556).<br \/>\nHaviam tr\u00eas &#8220;mosteiros m\u00e3e&#8221; na escola Sakya: Mosteiro Sakya , fundada em 1073, Ngor Evam Choden , fundada em 1429, e Phanyul Nalendra em Phanyul, norte de Lhasa, fundada em 1435 por Kuntchen Rongten.<br \/>\nNalendra tornou-se a casa da &#8216;linhagem do sussurro&#8217; da escola Tshar.<\/p>\n<p>A tradi\u00e7\u00e3o Bodongpa, fundada por Bodong Panchen Ch\u00f6gle Namgyel [1376 1451], \u00e9 considerada por alguns estudiosos como sendo uma sub-seita da tradi\u00e7\u00e3o Sakya.<\/p>\n<p><strong>Senhorio feudal sobre o Tibete<\/strong><\/p>\n<p>O Tibete dentro da dinastia Yuan sob o departamento de n\u00edvel superior conhecido como o Bureau of budista e Assuntos Tibetanos (Xuanzheng Yuan).<\/p>\n<p>A conquista Mongol do Tibete come\u00e7ou ap\u00f3s a funda\u00e7\u00e3o do Imp\u00e9rio Mongol no in\u00edcio do s\u00e9culo XIII. Em 1264, o reino feudal do Tibete foi passado a Drog\u00f6n Ch\u00f6gyal Phagpa por Kublai Khan, fundador da dinastia Yuan. Lamas Sakya, junto com Preceptores Sakya imperiais continuaram a servir como vice-reis ou administradores do Tibete em nome dos imperadores Yuan por quase 75 anos. Ap\u00f3s a morte de Phagpa em 1280, a dinastia Yuan foi muito enfraquecida pela <a href=\"https:\/\/pt.qwe.wiki\/wiki\/Red_Turban_Rebellion\" rel=\"noopener noreferrer\" target=\"_blank\">Red Turban Rebellion<\/a> nos 1350s, uma d\u00e9cada antes da dinastia Ming fundada pelos chineses Han que derrubou dom\u00ednio mongol na China.<\/p>\n<p>Os l\u00edderes do regime Sakya foram os seguintes.<\/p>\n<p>Drog\u00f6n Ch\u00f6gyal Phagpa 1253-1280<br \/>\nDharmapala Raksita 1280-1282, d. 1287<br \/>\nJamyang Rinchen Gyaltsen 1286-1303<br \/>\nZangpo Pal 1306-1323<br \/>\nKhatsun namkha lekpa gyaltsen 1325-1341<br \/>\nJamyang Donyo Gyaltsen 1341-1344<br \/>\nLama Dampa Sonam Gyaltsen 1344-1347<br \/>\nLotro Gyaltsen 1347-1365<\/p>\n<p><strong>Os Sakya atualmente<\/strong><\/p>\n<p>A cabe\u00e7a da escola Sakya, conhecido como Sakya Trizin (&#8220;detentor do trono Sakya&#8221;), \u00e9 sempre tirada da linha masculina da fam\u00edlia Khon. O presente Sakya Trizin, Ngawang Kunga Tegchen Palbar Trinley Samphel Wanggi Gyalpo, nascido em Tsedong em 1945, \u00e9 o quadrag\u00e9simo primeiro a ocupar esta fun\u00e7\u00e3o.<br \/>\n41\u00ba Sakya Trizin \u00e9 a reencarna\u00e7\u00e3o de dois grandes mestres tibetanos: a lama Nyingmapa conhecido como Apong Terton (Orgyen Thrinley Lingpa), que \u00e9 famoso por seu ciclo de Tara Vermelha, e seu av\u00f4, o 39\u00ba Kyabgon Sakya Trizin Dhagtshul Thrinley Rinchen (1871-1936 ). Hoje, ele reside em Rajpur, \u00cdndia, juntamente com sua esposa, Gyalyum Kushok Tashi Lhakyi, e dois filhos Ratna Vajra Rinpoche e Gyana Vajra Rinpoche. Ratna Vajra sendo o filho mais velho Rinpoche, \u00e9 o detentor da linhagem e \u00e9 casado com Dagmo Kalden Dunkyi Sakya e Gyana Vajra Rinpoche \u00e9 casado com Dagmo Sonam Palkyi Sakya.<\/p>\n<p>Tradicionalmente a sucess\u00e3o heredit\u00e1ria alterna entre os dois pal\u00e1cios Sakya desde (1034-1102) reinado de Khon K\u00f6nchok Gyelpo. O Ducho sub-dinastia de Sakya sobrevive dividido em dois Pal\u00e1cios, o Dolma Phodrang e Phuntsok Phodrang. Sakya Trizin \u00e9 a cabe\u00e7a da Dolma Phodrang. Jigdal Dagchen Sakya (1929-2016) era o chefe da Phuntsok Phodrang, e viveu em Seattle, Washington, onde ele co-fundou um Monat\u00e9rio Sakya do budismo tibetano com Dezhung Rinpoche III, e construiu o primeiro monast\u00e9rio budista tibetano nos Estados Unidos. O pai de Dagchen Sakya foi o anterior Sakya Trizin, Trichen Ngawang Thutog Wangchuk, titular trono de Sakya, e sua m\u00e3e Dechen Drolma. Dagchen Sakya era casado com ela Emin\u00eancia Dagmo Jamyang Kusho Sakya; eles t\u00eam cinco filhos e v\u00e1rios netos.<\/p>\n<p><strong>O Movimento Rime<\/strong><\/p>\n<p>O Movimento Rim\u00ea \u00e9 uma escola de pensamento budista fundada no Tibete oriental durante o final do s\u00e9culo XIX principalmente por Jamyang Khyentse Wangpo e Jamgon Kongtrul, este \u00faltimo sendo geralmente considerado o fundador propriamente dito. Busca unificar as v\u00e1rias tradi\u00e7\u00f5es e filosofias em uma escola de pensamento coerente e \u00e9 respons\u00e1vel por um grande n\u00famero de compila\u00e7\u00f5es de escrituras.<\/p>\n<hr \/>\n<p><strong>Fonte<\/strong>: https:\/\/pt.qwe.wiki\/wiki\/Sakya<\/p>\n<hr \/>\n<div style=\"text-align:right\"><a href=\"#inicio\"><font size=\"2\">Topo<\/font><\/a><\/div>\n<hr \/>\n<\/div>\n<p><\/font><\/p>\n<!-- AddThis Advanced Settings generic via filter on the_content --><!-- AddThis Share Buttons generic via filter on the_content -->","protected":false},"excerpt":{"rendered":"<p>A escola Sakya (tibetano : \u0f66\u0f0b \u0f66\u0f90\u0fb1\u0f0b , Wylie : sa skya , &#8220;terra p\u00e1lida&#8221;) \u00e9 uma das quatro principais escolas do budismo tibetano, sendo as outras a Nyingma , Kagyu e Gelug. \u00c9 uma das ordens da Red Hat, &hellip; <a href=\"http:\/\/www.nossacasa.net\/shunya\/sakya\/\">Continue lendo <span class=\"meta-nav\">&rarr;<\/span><\/a><!-- AddThis Advanced Settings generic via filter on get_the_excerpt --><!-- AddThis Share Buttons generic via filter on get_the_excerpt --><\/p>\n","protected":false},"author":1,"featured_media":6496,"parent":0,"menu_order":0,"comment_status":"closed","ping_status":"closed","template":"","meta":{"footnotes":""},"class_list":["post-6495","page","type-page","status-publish","has-post-thumbnail","hentry"],"_links":{"self":[{"href":"http:\/\/www.nossacasa.net\/shunya\/wp-json\/wp\/v2\/pages\/6495","targetHints":{"allow":["GET"]}}],"collection":[{"href":"http:\/\/www.nossacasa.net\/shunya\/wp-json\/wp\/v2\/pages"}],"about":[{"href":"http:\/\/www.nossacasa.net\/shunya\/wp-json\/wp\/v2\/types\/page"}],"author":[{"embeddable":true,"href":"http:\/\/www.nossacasa.net\/shunya\/wp-json\/wp\/v2\/users\/1"}],"replies":[{"embeddable":true,"href":"http:\/\/www.nossacasa.net\/shunya\/wp-json\/wp\/v2\/comments?post=6495"}],"version-history":[{"count":1,"href":"http:\/\/www.nossacasa.net\/shunya\/wp-json\/wp\/v2\/pages\/6495\/revisions"}],"predecessor-version":[{"id":6497,"href":"http:\/\/www.nossacasa.net\/shunya\/wp-json\/wp\/v2\/pages\/6495\/revisions\/6497"}],"wp:featuredmedia":[{"embeddable":true,"href":"http:\/\/www.nossacasa.net\/shunya\/wp-json\/wp\/v2\/media\/6496"}],"wp:attachment":[{"href":"http:\/\/www.nossacasa.net\/shunya\/wp-json\/wp\/v2\/media?parent=6495"}],"curies":[{"name":"wp","href":"https:\/\/api.w.org\/{rel}","templated":true}]}}