{"id":6499,"date":"2020-06-30T14:43:19","date_gmt":"2020-06-30T16:43:19","guid":{"rendered":"http:\/\/www.nossacasa.net\/shunya\/?page_id=6499"},"modified":"2020-06-30T14:49:08","modified_gmt":"2020-06-30T16:49:08","slug":"kagyu","status":"publish","type":"page","link":"http:\/\/www.nossacasa.net\/shunya\/kagyu\/","title":{"rendered":"Kagy\u00fc"},"content":{"rendered":"<p><font face=\"Verdana\" size=\"2\"><\/p>\n<div style=\"text-align:center\"><a name=\"inicio1\"><\/a><a href=\"http:\/\/www.nossacasa.net\/shunya\/wp-content\/uploads\/2020\/06\/Kagyu.jpg\"><img loading=\"lazy\" decoding=\"async\" src=\"http:\/\/www.nossacasa.net\/shunya\/wp-content\/uploads\/2020\/06\/Kagyu.jpg\" alt=\"\" width=\"422\" height=\"599\" class=\"aligncenter size-full wp-image-6500\" srcset=\"http:\/\/www.nossacasa.net\/shunya\/wp-content\/uploads\/2020\/06\/Kagyu.jpg 422w, http:\/\/www.nossacasa.net\/shunya\/wp-content\/uploads\/2020\/06\/Kagyu-211x300.jpg 211w\" sizes=\"auto, (max-width: 422px) 100vw, 422px\" \/><\/a><\/div>\n<p><\/font><font face=\"Verdana\" size=\"2\" color=\"#000000\"><\/p>\n<div style=\"text-align:justify\">\nKagy\u00fc \u00e9 uma das quatro escolas do Budismo tibetano, fundada pelo mahasiddha indiano Tilopa (988-1069), o qual recebeu os ensinamentos diretamente do Buddha Vajradhara, o Buddha primordial Adi-Buddha. Estes ensinamentos tinham por base uma pr\u00e1tica conhecida como Mahamudra, que pode ser traduzida por Grande Selo. O l\u00edder da escola \u00e9 denominado Karmapa. Atualmente, existe discord\u00e2ncia quanto \u00e0 encarna\u00e7\u00e3o do 17\u00b0Karmapa. Existem 2 Karmapas oficialmente entronados: S.S. Ugyen Trinley Dorje, reconhecido por Tai Situ Rimpoche (um dos 4 mestres respons\u00e1veis pela manuten\u00e7\u00e3o do conhecimento da escola), por outros l\u00edderes das escolas Nyingma e Sakya e pelo governo chin\u00eas, e S.S. Trinley Thaye Dorje, reconhecido pelo Shamarpa, o segundo mais importante lama da escola Kagyu e tradicionalmente o \u00fanico habilitado e respons\u00e1vel pelo reconhecimento das reencarna\u00e7\u00f5es de um Karmapa. O conflito dos Karmapas \u00e9 respons\u00e1vel por uma grave divis\u00e3o na escola Kagyu.<\/p>\n<p><strong>Principais Mestres<\/strong><br \/>\nDe Tilopa, os ensinamentos passaram a Naropa (1016-1100), de Naropa a Marpa (1012-1097), que introduziu a escola no Tibete, de Marpa a Milarepa (1040-1123). Milarepa tornou-se o mais popular mestre vajra para o povo tibetano. Foi um disc\u00edpulo de Milarepa, Gampopa, quem sistematizou os ensinamentos do Mahamudra.<\/p>\n<p>A linhagem Mahamudra de Tilopa e Naropa \u00e9 chamado de &#8220;linhagem direta&#8221; ou &#8220;perto linhagem&#8221; como \u00e9 dito que Tilopa recebeu esta realiza\u00e7\u00e3o Mahamudra diretamente do Dharmak\u0101ya Buda Vajradhara e isso foi transmitido somente atrav\u00e9s Naropa a Marpa.<\/p>\n<p>A &#8220;linhagem distante&#8221; do Mahamudra \u00e9 dito ter vindo de Buda na forma de Vajradara atrav\u00e9s de encarna\u00e7\u00f5es dos bodhisattvas Avalokitesvara e manjusri para Saraha , depois de ele atrav\u00e9s de Nagarjuna, Shavaripa e Maitripada a Marpa. Os ensinamentos de Mahamudra Saraha que Maitripa transmitidos para Marpa incluem o &#8220;Ess\u00eancia Mahamudra&#8221; ( Wylie : snying phyag po&#8217;i chen ) onde Mahamudra \u00e9 introduzida directamente, sem depender de racioc\u00ednio filos\u00f3fico ou pr\u00e1ticas y\u00f3guicas.<\/p>\n<p>De acordo com alguns relatos, em sua terceira viagem \u00e0 \u00cdndia Marpa tamb\u00e9m se reuniu Atisa (982-1054), que mais tarde veio ao Tibete e ajudou a fundar a Kadam linhagem<\/p>\n<p><strong>As quatro escolas maiores<\/strong><br \/>\nA escola Kagy\u00fc se subdivide em quatro escolas fundadas por disc\u00edpulos de Gampopa, conhecidas como as quatro escolas maiores. S\u00e3o elas:<\/p>\n<p><strong>Karma Kagy\u00fc<\/strong>, cujo fundador foi D\u00fcsum Khyenpa (1110-1193), considerado o 1\u00b0 Karmapa;<br \/>\n<strong>Barom Kagy\u00fc<\/strong>, fundada por Barompa Darma Wangchug;<br \/>\n<strong>Tsalpa Kagy\u00fc<\/strong>, fundada por Zangyu Dragpa Darma Drag ou, simplesmente, Zhang Rinpoche;<br \/>\n<strong>Pagdru Kagy\u00fc<\/strong>, fundada por Pagmo Drupa Dorje Gyalpo. Dessa escola surgiram oito subdivis\u00f5es, conhecidas como as oito escolas menores.<\/p>\n<p><strong>Ensinamentos<\/strong><br \/>\nO ensinamento do Mahamudra integra a vis\u00e3o da vacuidade com a da clara luz, percebendo diretamente a realidade \u00faltima.<\/p>\n<p>O ensinamento do Ch\u00f6d leva a cortar as ilus\u00f5es mentais e os obst\u00e1culos materiais.<\/p>\n<p>As seis yogas de Naropa ensinam a controlar a energia sutil:<\/p>\n<p>Tummo: eleva a temperatura do corpo, realizando o grande \u00eaxtase da vacuidade<br \/>\nCorpo ilus\u00f3rio: realiza\u00e7\u00e3o de um corpo dotado de qualidades b\u00fadicas<br \/>\nSonhos: preservar a consci\u00eancia nos sonhos, realizando a vis\u00e3o do mundo como um sonho<br \/>\nClara Luz: perceber a realidade \u00faltima da mente<br \/>\nBardo: medita\u00e7\u00e3o que permite alcan\u00e7ar a realidade \u00faltima no estado intermedi\u00e1rio (bardo) entre a morte e o renascimento<br \/>\nPo&#8217;wa: permite transferir a consci\u00eancia, ap\u00f3s a morte, a uma terra pura de um Buddha.<\/p>\n<hr \/>\n<p><strong>Fonte<\/strong>: https:\/\/pt.wikipedia.org\/wiki\/Kagyu<\/p>\n<hr \/>\n<div style=\"text-align:right\"><a href=\"#inicio\"><font size=\"2\">Topo<\/font><\/a><\/div>\n<hr \/>\n<\/div>\n<p><\/font><\/p>\n<!-- AddThis Advanced Settings generic via filter on the_content --><!-- AddThis Share Buttons generic via filter on the_content -->","protected":false},"excerpt":{"rendered":"<p>Kagy\u00fc \u00e9 uma das quatro escolas do Budismo tibetano, fundada pelo mahasiddha indiano Tilopa (988-1069), o qual recebeu os ensinamentos diretamente do Buddha Vajradhara, o Buddha primordial Adi-Buddha. Estes ensinamentos tinham por base uma pr\u00e1tica conhecida como Mahamudra, que pode &hellip; <a href=\"http:\/\/www.nossacasa.net\/shunya\/kagyu\/\">Continue lendo <span class=\"meta-nav\">&rarr;<\/span><\/a><!-- AddThis Advanced Settings generic via filter on get_the_excerpt --><!-- AddThis Share Buttons generic via filter on get_the_excerpt --><\/p>\n","protected":false},"author":1,"featured_media":6500,"parent":0,"menu_order":0,"comment_status":"closed","ping_status":"closed","template":"","meta":{"footnotes":""},"class_list":["post-6499","page","type-page","status-publish","has-post-thumbnail","hentry"],"_links":{"self":[{"href":"http:\/\/www.nossacasa.net\/shunya\/wp-json\/wp\/v2\/pages\/6499","targetHints":{"allow":["GET"]}}],"collection":[{"href":"http:\/\/www.nossacasa.net\/shunya\/wp-json\/wp\/v2\/pages"}],"about":[{"href":"http:\/\/www.nossacasa.net\/shunya\/wp-json\/wp\/v2\/types\/page"}],"author":[{"embeddable":true,"href":"http:\/\/www.nossacasa.net\/shunya\/wp-json\/wp\/v2\/users\/1"}],"replies":[{"embeddable":true,"href":"http:\/\/www.nossacasa.net\/shunya\/wp-json\/wp\/v2\/comments?post=6499"}],"version-history":[{"count":3,"href":"http:\/\/www.nossacasa.net\/shunya\/wp-json\/wp\/v2\/pages\/6499\/revisions"}],"predecessor-version":[{"id":6503,"href":"http:\/\/www.nossacasa.net\/shunya\/wp-json\/wp\/v2\/pages\/6499\/revisions\/6503"}],"wp:featuredmedia":[{"embeddable":true,"href":"http:\/\/www.nossacasa.net\/shunya\/wp-json\/wp\/v2\/media\/6500"}],"wp:attachment":[{"href":"http:\/\/www.nossacasa.net\/shunya\/wp-json\/wp\/v2\/media?parent=6499"}],"curies":[{"name":"wp","href":"https:\/\/api.w.org\/{rel}","templated":true}]}}