{"id":6647,"date":"2020-07-02T19:48:07","date_gmt":"2020-07-02T21:48:07","guid":{"rendered":"http:\/\/www.nossacasa.net\/shunya\/?page_id=6647"},"modified":"2020-07-02T19:49:03","modified_gmt":"2020-07-02T21:49:03","slug":"o-anel-do-caminho","status":"publish","type":"page","link":"http:\/\/www.nossacasa.net\/shunya\/o-anel-do-caminho\/","title":{"rendered":"O anel do caminho"},"content":{"rendered":"<div style=\"text-align:justify\"><font face=\"Verdana\" size=\"2\"><br \/>\n<a name=\"inicio\"><\/a><a href=\"http:\/\/www.nossacasa.net\/shunya\/wp-content\/uploads\/2020\/07\/O-anel-do-caminho.jpg\"><img loading=\"lazy\" decoding=\"async\" src=\"http:\/\/www.nossacasa.net\/shunya\/wp-content\/uploads\/2020\/07\/O-anel-do-caminho.jpg\" alt=\"\" width=\"160\" height=\"237\" class=\"alignleft size-full wp-image-6650\" \/><\/a><\/p>\n<p><\/font><font SIZE=\"4\"><b>O ANEL DO CAMINHO<br \/><font SIZE=\"2\">Palavras de um Mestre Zen<\/font><\/b><br \/><i><\/p>\n<div STYLE=\"text-align:right\"><font SIZE=\"2\">de <a href=\"http:\/\/www.nossacasa.net\/shunya\/taizen-deshimaru\/\">Taisen Deshimaru<\/a><\/font><\/div>\n<p><\/i><br \/>Editora Pensamento<\/font>\n<\/div>\n<p>Todas as exist\u00eancias, como as folhas da \u00e1rvore, s\u00e3o alimentadas pela raiz. A origem e o fim resultam da mesma fonte, o Vazio. A origem e o fim voltam ao nada.<\/p>\n<p>No dia 30 de abril de 1982, Taisen Deshimaru faleceu, legando a seus disc\u00edpulos a ess\u00eancia do seu ensinamento e a miss\u00e3o de transmitir, por sua vez, a pr\u00e1tica do Zen.<\/p>\n<p>O Anel do Caminho n\u00e3o tem in\u00edcio nem fim. \u00c9 a repeti\u00e7\u00e3o da experi\u00eancia vivida aqui e agora que carrega em si a eternidade. Palavras de um mestre zen, transmitidas de patriarca a patriarca, al\u00e9m do tempo, dos fen\u00f4menos, do pensamento e do n\u00e3o-pensamento, esta obra \u00e9 a pr\u00f3pria ess\u00eancia do ensinamento oral dos mestres desde Buda Sakyamuni.<\/p>\n<hr \/>\n<div STYLE=\"text-align:right\"><a HREF=\"#inicio\">Topo<\/a><\/div>\n<!-- AddThis Advanced Settings generic via filter on the_content --><!-- AddThis Share Buttons generic via filter on the_content -->","protected":false},"excerpt":{"rendered":"<p>O ANEL DO CAMINHOPalavras de um Mestre Zen de Taisen Deshimaru Editora Pensamento Todas as exist\u00eancias, como as folhas da \u00e1rvore, s\u00e3o alimentadas pela raiz. A origem e o fim resultam da mesma fonte, o Vazio. A origem e o &hellip; <a href=\"http:\/\/www.nossacasa.net\/shunya\/o-anel-do-caminho\/\">Continue lendo <span class=\"meta-nav\">&rarr;<\/span><\/a><!-- AddThis Advanced Settings generic via filter on get_the_excerpt --><!-- AddThis Share Buttons generic via filter on get_the_excerpt --><\/p>\n","protected":false},"author":1,"featured_media":6650,"parent":0,"menu_order":0,"comment_status":"closed","ping_status":"closed","template":"","meta":{"footnotes":""},"class_list":["post-6647","page","type-page","status-publish","has-post-thumbnail","hentry"],"_links":{"self":[{"href":"http:\/\/www.nossacasa.net\/shunya\/wp-json\/wp\/v2\/pages\/6647","targetHints":{"allow":["GET"]}}],"collection":[{"href":"http:\/\/www.nossacasa.net\/shunya\/wp-json\/wp\/v2\/pages"}],"about":[{"href":"http:\/\/www.nossacasa.net\/shunya\/wp-json\/wp\/v2\/types\/page"}],"author":[{"embeddable":true,"href":"http:\/\/www.nossacasa.net\/shunya\/wp-json\/wp\/v2\/users\/1"}],"replies":[{"embeddable":true,"href":"http:\/\/www.nossacasa.net\/shunya\/wp-json\/wp\/v2\/comments?post=6647"}],"version-history":[{"count":1,"href":"http:\/\/www.nossacasa.net\/shunya\/wp-json\/wp\/v2\/pages\/6647\/revisions"}],"predecessor-version":[{"id":6651,"href":"http:\/\/www.nossacasa.net\/shunya\/wp-json\/wp\/v2\/pages\/6647\/revisions\/6651"}],"wp:featuredmedia":[{"embeddable":true,"href":"http:\/\/www.nossacasa.net\/shunya\/wp-json\/wp\/v2\/media\/6650"}],"wp:attachment":[{"href":"http:\/\/www.nossacasa.net\/shunya\/wp-json\/wp\/v2\/media?parent=6647"}],"curies":[{"name":"wp","href":"https:\/\/api.w.org\/{rel}","templated":true}]}}