{"id":6652,"date":"2020-07-02T19:53:01","date_gmt":"2020-07-02T21:53:01","guid":{"rendered":"http:\/\/www.nossacasa.net\/shunya\/?page_id=6652"},"modified":"2020-07-02T19:53:01","modified_gmt":"2020-07-02T21:53:01","slug":"a-tigela-e-o-bastao","status":"publish","type":"page","link":"http:\/\/www.nossacasa.net\/shunya\/a-tigela-e-o-bastao\/","title":{"rendered":"A tigela e o bast\u00e3o"},"content":{"rendered":"<div style=\"text-align:justify\"><font face=\"Verdana\" size=\"2\"><br \/>\n<a name=\"inicio\"><\/a><a href=\"http:\/\/www.nossacasa.net\/shunya\/wp-content\/uploads\/2020\/07\/A-tigela-e-o-bast\u00e3o.jpg\"><img loading=\"lazy\" decoding=\"async\" src=\"http:\/\/www.nossacasa.net\/shunya\/wp-content\/uploads\/2020\/07\/A-tigela-e-o-bast\u00e3o.jpg\" alt=\"\" width=\"240\" height=\"360\" class=\"alignleft size-full wp-image-6648\" srcset=\"http:\/\/www.nossacasa.net\/shunya\/wp-content\/uploads\/2020\/07\/A-tigela-e-o-bast\u00e3o.jpg 240w, http:\/\/www.nossacasa.net\/shunya\/wp-content\/uploads\/2020\/07\/A-tigela-e-o-bast\u00e3o-200x300.jpg 200w\" sizes=\"auto, (max-width: 240px) 100vw, 240px\" \/><\/a><br \/>\n<\/font><font SIZE=\"4\"><b>A Tigela e o bast\u00e3o<br \/><font SIZE=\"2\">120 contos Zen<\/font><\/b><br \/><i><\/p>\n<div STYLE=\"text-align:right\"><font SIZE=\"2\">de <a href=\"http:\/\/www.nossacasa.net\/shunya\/taizen-deshimaru\/\">Taisen Deshimaru<\/a><\/font><\/div>\n<p><\/i><br \/>Editora C\u00edrculo do Livro<\/font>\n<\/div>\n<p>Nestes cento e vinte contos e hist\u00f3rias tradicionais, alguns dos quais remontam \u00e0 vida de Buda, h\u00e1 dois mil e seiscentos anos, descobrimos a estupenda carga de humor e toda a for\u00e7a e vivacidade do seu esp\u00edrito. Pois, n\u00e3o nos iludamos, cada uma dessas narrativas nos abre portas e descreve um modo de ver a realidade.<\/p>\n<p>A hist\u00f3ria, a lenda desembocam numa verdade profunda e trazem em si um sentido eterno.<br \/>\nDiz um prov\u00e9rbio zen que, quando nos mostram a lua, devemos olhar para ela e n\u00e3o para o dedo que no-la aponta. O mesmo acontece aqui, nesta cole\u00e7\u00e3o.<\/p>\n<div STYLE=\"text-align:right\"><font SIZE=\"1\">M.de S.<\/font><\/div>\n<div STYLE=\"text-align:center\">\n<hr WIDTH=\"50%\"\/><\/div>\n<p><b><\/p>\n<p>&Iacute;ndice<\/p>\n<p><\/b><\/p>\n<p>Pre&acirc;mbulo         <br \/>\nO verdadeiro tesouro&#9;<br \/>\nO sabor do zen&#9;<br \/>\nUma tigela, o vazio<br \/>\nAlgumas p&eacute;talas sobre o <i>tatami&#9;<\/i><br \/>\no som do calhau, o som do bambu<br \/>\nQuem tem bom gosto? <br \/>\nO pato que canta<br \/>\nTerminar a refei&ccedil;&atilde;o, lavar as tigelas<br \/>\nO vento sopra<br \/>\nVivo ou morto? <br \/>\nO ouro do dedo<br \/>\nAgarrar a oportunidade<br \/>\nA vida n&atilde;o passa de um sonho&#9;<br \/>\nDebaixo da ponte n&atilde;o h&aacute; ladr&otilde;es&#9;<br \/>\nLuar num campo&#9;<br \/>\nHist&oacute;ria de Gobuki&#9;<br \/>\nO p&aacute;ssaro de duas cabe&ccedil;as<br \/>\nA cabe&ccedil;a e o rabo&#9;<br \/>\nQuem ama o outro? <br \/>\nAh! ah! ah!&#9;<br \/>\nIsto ou isto?&#9;<br \/>\nQuem &eacute; respons&aacute;vel? <br \/>\nO esp&iacute;rito do outro&#9;<br \/>\nHist&oacute;ria de carma&#9;<br \/>\nA moral do tao&#9;<br \/>\nA lua pela janela&#9;<br \/>\nC&oacute;lera e inveja, que carma<br \/>\nO mosquito ou o pai<br \/>\nA sopa do leproso&#9;<br \/>\nA cauda do elefante<br \/>\nN&atilde;o fa&ccedil;o nada&#9;         <br \/>\nPensar sem pensar&#9;<br \/>\nO polegar do mestre &#9;<br \/>\nNem nada, nem n&atilde;o-nada&#9;<br \/>\nA transmiss&atilde;o do barqueiro&#9;<br \/>\nGrande e profundo mestre!&#9;  <br \/>\nR&aacute;pido como&#9;<br \/>\n&Aacute;gua pura, &aacute;gua suja&#9;<br \/>\nOnde est&aacute; o crime?&#9;<br \/>\nOmbro direito, ombro esquerdo&#9;<br \/>\nA cenoura&#9;<br \/>\nN&atilde;o fugir&#9;<br \/>\nAs duas r&atilde;s&#9;<br \/>\nA verdadeira intimidade&#9;<br \/>\nOnde est&aacute; o enfermo?&#9;                  <br \/>\nO esp&iacute;rito da pedra preciosa&#9;         <br \/>\nAs tr&ecirc;s pontes&#9;                           <br \/>\nO rosto no barril&#9;                           <br \/>\nSil&ecirc;ncio total&#9;                           <br \/>\nOs dois narizes&#9;                           <i><br \/>\n<\/i>Beleza natural, verdade inconsciente&#9;<br \/>\nAl&eacute;m do espelho&#9;                           <br \/>\nForjar a imagem&#9;                           <br \/>\nSem finalidade nem esp&iacute;rito de lucro&#9;<br \/>\nReflexo da lua na &aacute;gua&#9;                  <br \/>\nCabe&ccedil;a grande&#9;                           <br \/>\nOrelhas compridas&#9;                           <br \/>\nHist&oacute;ria de <i>kami&#9;                           <\/i><br \/>\nAs duas vacas no mar&#9;                  <br \/>\nN&atilde;o morrer&#9;                                    <br \/>\nO sutra da grande sabedoria&#9;         <br \/>\nQuente, muito quente&#9;                  <br \/>\nO vento no saco&#9;                           <br \/>\nEntrai pelo p&oacute;rtico&#9;                           <br \/>\nPassear na montanha&#9;                  <br \/>\nPolir a telha&#9;                                    <br \/>\nLarvas num cad&aacute;ver&#9;                  <br \/>\nA natureza do Buda&#9;<br \/>\nO espelho no cofre&#9;<br \/>\nPensar, n&atilde;o pensar&#9;<br \/>\nGrande mestre, grande disc&iacute;pulo&#9;<br \/>\nO esp&iacute;rito da velha dama&#9;<br \/>\nLenda indiana&#9;<br \/>\nUma prancha no mar&#9;<br \/>\nO ramo de pinheiro&#9;<br \/>\nBela noite&#9;<br \/>\nA bola rola&#9;<br \/>\nNem mo&ccedil;o, nem velho&#9;<br \/>\nA pesca e a pereira&#9;<br \/>\nCom que esp&iacute;rito comereis?&#9;<br \/>\nSai! Entra! ou a severidade de mestre Kiss&#9;<br \/>\nO filho mendigo&#9;<br \/>\nA pedra preciosa&#9;<br \/>\nHist&oacute;ria de <i>shiho: <\/i>a medula&#9;<br \/>\nOs dois esp&iacute;ritos de Senjo&#9;<br \/>\nO <i>koan <\/i>do mais velho&#9;<br \/>\nO filho na cama&#9;<br \/>\nA velha dama, o monge e a mo&ccedil;a&#9;<br \/>\n<i>Zazen <\/i>sobre o pinheiro p&aacute;ra-sol&#9;<br \/>\nUma sineta, um fantasma, o sino grande&#9;<br \/>\nHist&oacute;ria de generosidade: fio de prata, fio de aranha&#9;<br \/>\nA vida, a morte&#9;<br \/>\nPasse, o tesouro&#9;<br \/>\nA fonte, a raiz&#9;<br \/>\nA mo&ccedil;a e o seu vestido de luz&#9;<br \/>\nMerecer, mas e qu&ecirc;?&#9;<br \/>\nA semente do destino&#9;<br \/>\nA imperman&ecirc;ncia: Mujo Seppo&#9;<br \/>\n<i>Sesshin <\/i>de ver&atilde;o&#9;<br \/>\nRespeito! &#9;<br \/>\nHoichi, tocador de <i>biwa&#9;<\/i><br \/>\nOs dois esp&iacute;ritos&#9;<br \/>\nA brasa, debaixo da cinza&#9;<br \/>\nVem!&#9;<br \/>\nA &aacute;gua na garrafa&#9;<br \/>\n<i>O Zora! Ko Zora!&#9;<\/i><br \/>\nRenge-shiki e os m&eacute;ritos do <i>kesa&#9;<\/i><br \/>\n<i>Koan sexy&#9;<\/i><br \/>\nO vento do outono dispersa as folhas mortas&#9;<br \/>\nSem categorias&#9;<br \/>\nO ranho e as batatas-doces&#9;<br \/>\nUma vozinha debaixo da trouxa&#9;<br \/>\nA tigela e o bast&atilde;o&#9;<br \/>\nConcordo! Concordo!&#9;<br \/>\nUm p&uacute;blico de bonecas&#9;<br \/>\nO saber agir&#9;<br \/>\nMais&#8230; Mais&#8230; Obrigado\u2019&#9;<br \/>\nDez mil bra&ccedil;os&#9;<br \/>\nHist&oacute;ria de raposa&#9;<br \/>\nQuinhentos volumes, tr&ecirc;s palavras&#9;<br \/>\nEspelho brilhante?&#9;<br \/>\nNa China, um velho cozinheiro&#9;<br \/>\nBuda vivo? A postura<\/p>\n<hr \/>\n<div STYLE=\"text-align:right\"><a HREF=\"#inicio\">Topo<\/a><\/div>\n<!-- AddThis Advanced Settings generic via filter on the_content --><!-- AddThis Share Buttons generic via filter on the_content -->","protected":false},"excerpt":{"rendered":"<p>A Tigela e o bast\u00e3o120 contos Zen de Taisen Deshimaru Editora C\u00edrculo do Livro Nestes cento e vinte contos e hist\u00f3rias tradicionais, alguns dos quais remontam \u00e0 vida de Buda, h\u00e1 dois mil e seiscentos anos, descobrimos a estupenda carga &hellip; <a href=\"http:\/\/www.nossacasa.net\/shunya\/a-tigela-e-o-bastao\/\">Continue lendo <span class=\"meta-nav\">&rarr;<\/span><\/a><!-- AddThis Advanced Settings generic via filter on get_the_excerpt --><!-- AddThis Share Buttons generic via filter on get_the_excerpt --><\/p>\n","protected":false},"author":1,"featured_media":6648,"parent":0,"menu_order":0,"comment_status":"closed","ping_status":"closed","template":"","meta":{"footnotes":""},"class_list":["post-6652","page","type-page","status-publish","has-post-thumbnail","hentry"],"_links":{"self":[{"href":"http:\/\/www.nossacasa.net\/shunya\/wp-json\/wp\/v2\/pages\/6652","targetHints":{"allow":["GET"]}}],"collection":[{"href":"http:\/\/www.nossacasa.net\/shunya\/wp-json\/wp\/v2\/pages"}],"about":[{"href":"http:\/\/www.nossacasa.net\/shunya\/wp-json\/wp\/v2\/types\/page"}],"author":[{"embeddable":true,"href":"http:\/\/www.nossacasa.net\/shunya\/wp-json\/wp\/v2\/users\/1"}],"replies":[{"embeddable":true,"href":"http:\/\/www.nossacasa.net\/shunya\/wp-json\/wp\/v2\/comments?post=6652"}],"version-history":[{"count":1,"href":"http:\/\/www.nossacasa.net\/shunya\/wp-json\/wp\/v2\/pages\/6652\/revisions"}],"predecessor-version":[{"id":6653,"href":"http:\/\/www.nossacasa.net\/shunya\/wp-json\/wp\/v2\/pages\/6652\/revisions\/6653"}],"wp:featuredmedia":[{"embeddable":true,"href":"http:\/\/www.nossacasa.net\/shunya\/wp-json\/wp\/v2\/media\/6648"}],"wp:attachment":[{"href":"http:\/\/www.nossacasa.net\/shunya\/wp-json\/wp\/v2\/media?parent=6652"}],"curies":[{"name":"wp","href":"https:\/\/api.w.org\/{rel}","templated":true}]}}