{"id":6902,"date":"2020-07-11T13:53:23","date_gmt":"2020-07-11T15:53:23","guid":{"rendered":"http:\/\/www.nossacasa.net\/shunya\/?page_id=6902"},"modified":"2020-07-11T13:53:23","modified_gmt":"2020-07-11T15:53:23","slug":"tai-hsueh-huai-lien-1109-1190","status":"publish","type":"page","link":"http:\/\/www.nossacasa.net\/shunya\/tai-hsueh-huai-lien-1109-1190\/","title":{"rendered":"Tai-Hsueh Huai-lien ( 1109-1190)"},"content":{"rendered":"<div STYLE=\"text-align:justify\">\n<a href=\"http:\/\/www.nossacasa.net\/shunya\/wp-content\/uploads\/2018\/06\/Ren\u00fancia.jpg\"><img loading=\"lazy\" decoding=\"async\" src=\"http:\/\/www.nossacasa.net\/shunya\/wp-content\/uploads\/2018\/06\/Ren\u00fancia-300x200.jpg\" alt=\"\" width=\"300\" height=\"200\" class=\"alignleft size-medium wp-image-5933\" srcset=\"http:\/\/www.nossacasa.net\/shunya\/wp-content\/uploads\/2018\/06\/Ren\u00fancia-300x200.jpg 300w, http:\/\/www.nossacasa.net\/shunya\/wp-content\/uploads\/2018\/06\/Ren\u00fancia-450x300.jpg 450w, http:\/\/www.nossacasa.net\/shunya\/wp-content\/uploads\/2018\/06\/Ren\u00fancia.jpg 690w\" sizes=\"auto, (max-width: 300px) 100vw, 300px\" \/><\/a><br \/>\n<a HREF=\"#a\"<strong>>Refer\u00eancias<\/a><\/p>\n<p align=center><b><a NAME=\"a\">Refer\u00eancias<\/a><sup>1<\/sup><\/b><\/p>\n<p>Daixue Hualian (Tai-Hsueh Huai-lien, Daigaku Eren), 1109-1190. <br \/>\nDa Linhagem de <a href=\"default.asp?menu=162\" class=\"broken_link\">Yunmen<\/a>.<\/p>\n<hr \/>\n<ol TYPE=\"1\">\n<li>Extra\u00eddo de &#8220;Ensinos do Mestre Zen Anzan Roshi&#8221;(texto compilado pelo Ven. Jinmyo Fleming ino e traduzido ao Portugu&ecirc;s por Claudio Miklos.<\/li>\n<\/ol>\n<hr \/>\n<div style=\"text-align:right\"><a href=\"#inicio\">Topo<\/a><\/div>\n<hr \/>\n<\/div>\n<!-- AddThis Advanced Settings generic via filter on the_content --><!-- AddThis Share Buttons generic via filter on the_content -->","protected":false},"excerpt":{"rendered":"<p>Refer\u00eancias Refer\u00eancias1 Daixue Hualian (Tai-Hsueh Huai-lien, Daigaku Eren), 1109-1190. Da Linhagem de Yunmen. Extra\u00eddo de &#8220;Ensinos do Mestre Zen Anzan Roshi&#8221;(texto compilado pelo Ven. Jinmyo Fleming ino e traduzido ao Portugu&ecirc;s por Claudio Miklos. Topo<!-- AddThis Advanced Settings generic via filter on get_the_excerpt --><!-- AddThis Share Buttons generic via filter on get_the_excerpt --><\/p>\n","protected":false},"author":1,"featured_media":0,"parent":0,"menu_order":0,"comment_status":"closed","ping_status":"closed","template":"","meta":{"footnotes":""},"class_list":["post-6902","page","type-page","status-publish","hentry"],"_links":{"self":[{"href":"http:\/\/www.nossacasa.net\/shunya\/wp-json\/wp\/v2\/pages\/6902","targetHints":{"allow":["GET"]}}],"collection":[{"href":"http:\/\/www.nossacasa.net\/shunya\/wp-json\/wp\/v2\/pages"}],"about":[{"href":"http:\/\/www.nossacasa.net\/shunya\/wp-json\/wp\/v2\/types\/page"}],"author":[{"embeddable":true,"href":"http:\/\/www.nossacasa.net\/shunya\/wp-json\/wp\/v2\/users\/1"}],"replies":[{"embeddable":true,"href":"http:\/\/www.nossacasa.net\/shunya\/wp-json\/wp\/v2\/comments?post=6902"}],"version-history":[{"count":1,"href":"http:\/\/www.nossacasa.net\/shunya\/wp-json\/wp\/v2\/pages\/6902\/revisions"}],"predecessor-version":[{"id":6903,"href":"http:\/\/www.nossacasa.net\/shunya\/wp-json\/wp\/v2\/pages\/6902\/revisions\/6903"}],"wp:attachment":[{"href":"http:\/\/www.nossacasa.net\/shunya\/wp-json\/wp\/v2\/media?parent=6902"}],"curies":[{"name":"wp","href":"https:\/\/api.w.org\/{rel}","templated":true}]}}