{"id":7018,"date":"2020-07-12T18:01:26","date_gmt":"2020-07-12T20:01:26","guid":{"rendered":"http:\/\/www.nossacasa.net\/shunya\/?page_id=7018"},"modified":"2020-07-12T19:11:00","modified_gmt":"2020-07-12T21:11:00","slug":"she-hsien-kuei-ching","status":"publish","type":"page","link":"http:\/\/www.nossacasa.net\/shunya\/she-hsien-kuei-ching\/","title":{"rendered":"She-hsien Kuei-ching"},"content":{"rendered":"<div STYLE=\"text-align:justify\">\n<a NAME=\"inicio\"><\/a><a href=\"http:\/\/www.nossacasa.net\/shunya\/wp-content\/uploads\/2020\/07\/Fu-shan-Fa-yuan.png\"><img loading=\"lazy\" decoding=\"async\" src=\"http:\/\/www.nossacasa.net\/shunya\/wp-content\/uploads\/2020\/07\/Fu-shan-Fa-yuan-300x300.png\" alt=\"\" width=\"300\" height=\"300\" class=\"alignleft size-medium wp-image-7015\" srcset=\"http:\/\/www.nossacasa.net\/shunya\/wp-content\/uploads\/2020\/07\/Fu-shan-Fa-yuan-300x300.png 300w, http:\/\/www.nossacasa.net\/shunya\/wp-content\/uploads\/2020\/07\/Fu-shan-Fa-yuan-150x150.png 150w, http:\/\/www.nossacasa.net\/shunya\/wp-content\/uploads\/2020\/07\/Fu-shan-Fa-yuan-768x768.png 768w, http:\/\/www.nossacasa.net\/shunya\/wp-content\/uploads\/2020\/07\/Fu-shan-Fa-yuan-50x50.png 50w, http:\/\/www.nossacasa.net\/shunya\/wp-content\/uploads\/2020\/07\/Fu-shan-Fa-yuan.png 920w\" sizes=\"auto, (max-width: 300px) 100vw, 300px\" \/><\/a><\/p>\n<hr \/>\n<p><a HREF=\"#a\"><b>Refer\u00eancias<\/b><\/a><sup>1<\/sup><\/p>\n<hr \/>\n<p>Shexian Guisheng (She-hsien Kuei-ching, Sekken Kisei), c. 10\u00ba S\u00c9CULO.<\/p>\n<p>Sucessor de Dharma de <a href=\"default.asp?menu=278\" class=\"broken_link\">Shoushan Xingnian<\/a> na quinta gera\u00e7\u00e3o ap\u00f3s Linji, ele foi conhecido por sua rigidez. <\/p>\n<p>Deu Transmiss&atilde;o a <a href=\"http:\/\/www.nossacasa.net\/shunya\/fushan-fayuan\/\" class=\"broken_link\">Fushan Fayuan<\/a><\/p>\n<p>Ver o &#8220;Uji&#8221; de Dogen.<\/p>\n<hr \/>\n<ol TYPE=\"1\">\n<li>Extra\u00eddo de &#8220;Ensinos do Mestre Zen Anzan Roshi&#8221;(texto compilado pelo Ven. Jinmyo Fleming ino e traduzido ao Portugu&ecirc;s por Claudio Miklos.<\/li>\n<\/ol>\n<hr \/>\n<div style=\"text-align:right\"><a href=\"#inicio\">Topo<\/a><\/div>\n<hr \/>\n<\/div>\n<!-- AddThis Advanced Settings generic via filter on the_content --><!-- AddThis Share Buttons generic via filter on the_content -->","protected":false},"excerpt":{"rendered":"<p>Refer\u00eancias1 Shexian Guisheng (She-hsien Kuei-ching, Sekken Kisei), c. 10\u00ba S\u00c9CULO. Sucessor de Dharma de Shoushan Xingnian na quinta gera\u00e7\u00e3o ap\u00f3s Linji, ele foi conhecido por sua rigidez. Deu Transmiss&atilde;o a Fushan Fayuan Ver o &#8220;Uji&#8221; de Dogen. Extra\u00eddo de &#8220;Ensinos &hellip; <a href=\"http:\/\/www.nossacasa.net\/shunya\/she-hsien-kuei-ching\/\">Continue lendo <span class=\"meta-nav\">&rarr;<\/span><\/a><!-- AddThis Advanced Settings generic via filter on get_the_excerpt --><!-- AddThis Share Buttons generic via filter on get_the_excerpt --><\/p>\n","protected":false},"author":1,"featured_media":0,"parent":0,"menu_order":0,"comment_status":"closed","ping_status":"closed","template":"","meta":{"footnotes":""},"class_list":["post-7018","page","type-page","status-publish","hentry"],"_links":{"self":[{"href":"http:\/\/www.nossacasa.net\/shunya\/wp-json\/wp\/v2\/pages\/7018","targetHints":{"allow":["GET"]}}],"collection":[{"href":"http:\/\/www.nossacasa.net\/shunya\/wp-json\/wp\/v2\/pages"}],"about":[{"href":"http:\/\/www.nossacasa.net\/shunya\/wp-json\/wp\/v2\/types\/page"}],"author":[{"embeddable":true,"href":"http:\/\/www.nossacasa.net\/shunya\/wp-json\/wp\/v2\/users\/1"}],"replies":[{"embeddable":true,"href":"http:\/\/www.nossacasa.net\/shunya\/wp-json\/wp\/v2\/comments?post=7018"}],"version-history":[{"count":4,"href":"http:\/\/www.nossacasa.net\/shunya\/wp-json\/wp\/v2\/pages\/7018\/revisions"}],"predecessor-version":[{"id":7022,"href":"http:\/\/www.nossacasa.net\/shunya\/wp-json\/wp\/v2\/pages\/7018\/revisions\/7022"}],"wp:attachment":[{"href":"http:\/\/www.nossacasa.net\/shunya\/wp-json\/wp\/v2\/media?parent=7018"}],"curies":[{"name":"wp","href":"https:\/\/api.w.org\/{rel}","templated":true}]}}