{"id":7096,"date":"2020-07-15T19:19:53","date_gmt":"2020-07-15T21:19:53","guid":{"rendered":"http:\/\/www.nossacasa.net\/shunya\/?page_id=7096"},"modified":"2020-07-15T19:21:53","modified_gmt":"2020-07-15T21:21:53","slug":"wen-yen-de-yun-men","status":"publish","type":"page","link":"http:\/\/www.nossacasa.net\/shunya\/wen-yen-de-yun-men\/","title":{"rendered":"Wen-yen de Yun-men (864-949)"},"content":{"rendered":"<div STYLE=\"text-align:justify\">\n<a NAME=\"inicio\"><\/a><a href=\"http:\/\/www.nossacasa.net\/shunya\/wp-content\/uploads\/2020\/07\/Wen-yen-de-Yun-men.png\"><img loading=\"lazy\" decoding=\"async\" src=\"http:\/\/www.nossacasa.net\/shunya\/wp-content\/uploads\/2020\/07\/Wen-yen-de-Yun-men-131x300.png\" alt=\"\" width=\"131\" height=\"300\" class=\"alignleft size-medium wp-image-7097\" srcset=\"http:\/\/www.nossacasa.net\/shunya\/wp-content\/uploads\/2020\/07\/Wen-yen-de-Yun-men-131x300.png 131w, http:\/\/www.nossacasa.net\/shunya\/wp-content\/uploads\/2020\/07\/Wen-yen-de-Yun-men.png 178w\" sizes=\"auto, (max-width: 131px) 100vw, 131px\" \/><\/a><\/p>\n<hr \/>\n<p><a HREF=\"#d\">Refer\u00eancias<\/a><br \/>\n<a HREF=\"#a\">Kapleau<\/a><br \/>\n<a HREF=\"#b\">Varenne<\/a><br \/>\n<a HREF=\"#c\">Disc\u00edpulos<\/a>.<\/p>\n<hr \/>\n<p><a NAME=\"d\">Refer\u00eancias<\/a><sup>3<\/sup><\/p>\n<p>Yunmen Wenyen (Wen-yen de Yun-men, Ummon Bun&#8217;en), 864-949. Kuangzhen<\/p>\n<p>(K&#8217;uang-chen, Kyushin) era um t\u00edtulo p\u00f3stumo. Um Herdeiro de Dharma de <a href=\"default.asp?menu=262\" class=\"broken_link\">Xuefeng Yicun<\/a>.<br \/>\n Ele aparece em &#8220;Registros do Precip\u00edcio Azul&#8221; 6, 8, 14, 15, 22, 27, 34, 39, 47, 50, 54, 60, 62, 77, 83, 86, 87, 88, &#8220;Registros do Sil\u00eancio&#8221; 11, 19, 24, 26, 31, 40, 61, 72, 78, 82, 92, 99 e em &#8220;Gateless Gate&#8221; 15, 16, 21, 39, 48,. Ver o Komyo de Dogen, Eihei Gen zenji goroku 3.<\/p>\n<hr \/>\n<div STYLE=\"text-align:right\"><a HREF=\"#inicio\">Topo<\/a><\/div>\n<div STYLE=\"text-align:right\"><a NAME=\"a\"><b>Por Philip Kapleau<\/b><sup>1<\/sup><\/a><\/div>\n<p ALIGN=\"JUSTIFY\">Ummon Bun\u2019en (Ch., Yun-m&ecirc;n; W&ecirc;n-yen;? -949): Mestre not&aacute;vel do fim da T\u2019ang, que, tal como Rinzai, usava linguagem vigorosa e t&aacute;ticas violentas para estimular seus disc&iacute;pulos ao despertar do Eu. As circunst&acirc;ncias da ilumina&ccedil;&atilde;o de Ummon s&atilde;o conhecidas por todos os disc&iacute;pulos do Zen. Procurando conseguir um dokusan com Bokuju, que foi seu mestre mais tarde, Ummon t,ateu na .portinha ao lado do grande port&atilde;o que levava ao templo de Bokuju. Este perguntou: Quem &eacute;?&quot; e Ummon respondeu, &quot;Bun\u2019en&quot;. Bokuju, que costumava recusar o dokusan a todos, com exce&ccedil;&atilde;o daqueles que buscavam a Verdade mais ardentemente, ficou satisfeito com a batida de Ummon na porta e o tom de sua voz, percebendo que buscava sinceramente a verdade, e o admitiu. Mal tinha Ummon entrado, quando Bokuju, percebendo o estado de sua Mente, agarrou-o pelos ombros e perguntou:<\/p>\n<p ALIGN=\"JUSTIFY\">&quot;Vamos! depressa, diga-o, diga-o!&quot; mas Ummon, n&atilde;o sendo ainda capaz de compreender, nada p&ocirc;de responder. A fim de empurrar a Mente de Ummon para dentro da Compreens&atilde;o, Bokuju impeliu-o de repente para fora pela porta meio aberta e fustigou-o nas pernas gritando: &quot;Voc&ecirc; n&atilde;o presta para nada!&quot; Com uma exclama&ccedil;&atilde;o de &quot;Ui!&quot; Ummon, cuja mente neste momento estava vazia de todo pensamento, repentinamente ficou iluminada.<\/p>\n<hr \/>\n<div STYLE=\"text-align:right\"><a HREF=\"#inicio\">Topo<\/a><\/div>\n<div STYLE=\"text-align:right\"><a NAME=\"b\"><b>Por Jean-Michel Varenne<sup>2<\/sup><\/b><\/a><\/div>\n<p><\/p>\n<p ALIGN=\"JUSTIFY\">A virulenta eloq&uuml;&ecirc;ncia de <b>Yun-Men <\/b>&eacute; &uacute;nica. Ao contr&aacute;rio de <a href=\"default.asp?menu=149\" class=\"broken_link\">Lin-Tsi<\/a>, com o qual costuma ser comparado, n&atilde;o grita nem sova \u2014 suas palavras, no entanto, s&atilde;o como projetis que atingem violentamente a consci&ecirc;ncia do ouvinte.<\/p>\n<p ALIGN=\"JUSTIFY\">Ao evocar o nascimento m&iacute;tico do Buda, que os relatos hagiogr&aacute;ficos se comprazem em rodear de milagres, afirma brutalmente:<\/p>\n<p ALIGN=\"JUSTIFY\">\n<p><i><\/p>\n<p ALIGN=\"JUSTIFY\">\u2018Tivesse eu testemunhado aquela cena e de um s&oacute; golpe acabaria com o rec&eacute;m-nascido, dando depois Sua carne aos c&atilde;es. Teria sido uma excelente contribui&ccedil;&atilde;o para a paz e a harmonia do mundo.&quot;<\/p>\n<p ALIGN=\"JUSTIFY\">\n<p><\/i><\/p>\n<p ALIGN=\"JUSTIFY\">Yun-Men n&atilde;o &eacute; um c&iacute;nico. Suas palavras cru&eacute;is tentam violentar a consci&ecirc;ncia do aluno embalada pela satisfa&ccedil;&atilde;o religiosa que induz ao erro.<\/p>\n<p ALIGN=\"JUSTIFY\">A animosidade de Yun-Men sacode a apatia e o quietismo dos monges, seguros na pseudomedita&ccedil;&atilde;o em posi&ccedil;&atilde;o sentada, protegidos pela disciplina mon&aacute;stica.<\/p>\n<p ALIGN=\"JUSTIFY\">\n<p><i><\/p>\n<p ALIGN=\"JUSTIFY\">\u2018Ainda que eu pudesse vos enunciar uma palavra ca paz de provocar a ilumina&ccedil;&atilde;o s&uacute;bita, isso seria como atirar imund&iacute;cies &agrave;s vossas cabe&ccedil;as.\u2019\u2019<\/p>\n<p ALIGN=\"JUSTIFY\">\n<p><\/i><\/p>\n<p ALIGN=\"JUSTIFY\">Ciente da vacuidade dos discursos, de sua impot&ecirc;ncia em traduzir a verdade do Tch\u2019an, Yun-Men freq&uuml;entemente se escusava de falar. E muitas vezes chamava os disc&iacute;pulos &agrave; parte e perguntava: &quot;Precisam de alguma coisa?\u2019\u2019<\/p>\n<p ALIGN=\"JUSTIFY\">Um poema magn&iacute;fico, que &eacute; como que um bras&atilde;o-d\u2019armas de sua escola, descreve a pr&aacute;tica pedag&oacute;gica desse mestre formid&aacute;vel:<\/p>\n<p ALIGN=\"JUSTIFY\">\n<p><i><\/p>\n<p ALIGN=\"JUSTIFY\">&quot;Escarpada &eacute; a montanha de Yun-Men, a qual se sobe a pique, deixando-se as nuvens a seus p&eacute;s! As cataratas que despencam n&atilde;o permitem aos peixes folgar.<\/p>\n<p ALIGN=\"JUSTIFY\">Quando algu&eacute;m passa minha porta, j&aacute; sei que id&eacute;ias traz consigo.<\/p>\n<p ALIGN=\"JUSTIFY\">Para que agitar novamente a poeira acumulada h&aacute; tanto tempo sobre uma estrada antiga?&quot;<\/p>\n<p ALIGN=\"JUSTIFY\">\n<p><\/i><\/p>\n<p ALIGN=\"JUSTIFY\">Yun-Men refere-se constantemente &agrave; experi&ecirc;ncia pessoal, descarta as alus&otilde;es religiosas ou filos&oacute;ficas e aponta para a revela&ccedil;&atilde;o instant&acirc;nea do ser.<\/p>\n<p ALIGN=\"JUSTIFY\">O Tch\u2019an insiste no valor do cotidiano e recusa-se a trilhar o terreno pantanoso das arg&uacute;cias e pol&ecirc;micas.<\/p>\n<hr \/>\n<ol TYPE=\"1\">\n<li>Extra\u00eddo de &#8220;Os tr\u00eas pilares do Zen&#8221; de Philip Kapleau<\/li>\n<li>Extra\u00eddo de &#8220;O Zen&#8221; de Jean-Michel Varenne<\/li>\n<li>Extra\u00eddo de &#8220;Ensinos do Mestre Zen Anzan Roshi&#8221;(texto compilado pelo Ven. Jinmyo Fleming ino e traduzido ao Portugu&ecirc;s por Claudio Miklos.<\/li>\n<\/ol>\n<hr \/>\n<div STYLE=\"text-align:right\"><a HREF=\"#inicio\">Topo<\/a><\/div>\n<div STYLE=\"text-align:center\"><a NAME=\"c\"><b>Disc\u00edpulos<\/b><\/a><\/div>\n<p>Entre os disc\u00edpulos e Herdeiros do Dharma de Yun-Men est\u00e3o <a href=\"default.asp?menu=163\" class=\"broken_link\">Sozan Honjaku (Ts&#8217;ao-shan)<\/a>, <a href=\"default.asp?menu=276\" class=\"broken_link\">Xianglin Dengyuan<\/a> e <a href=\"default.asp?menu=277\" class=\"broken_link\">Dongshan Shouchu<\/a>.<\/p>\n<hr \/>\n<div style=\"text-align:right\"><a href=\"#inicio\">Topo<\/a><\/div>\n<hr \/>\n<\/div>\n<!-- AddThis Advanced Settings generic via filter on the_content --><!-- AddThis Share Buttons generic via filter on the_content -->","protected":false},"excerpt":{"rendered":"<p>Refer\u00eancias Kapleau Varenne Disc\u00edpulos. Refer\u00eancias3 Yunmen Wenyen (Wen-yen de Yun-men, Ummon Bun&#8217;en), 864-949. Kuangzhen (K&#8217;uang-chen, Kyushin) era um t\u00edtulo p\u00f3stumo. Um Herdeiro de Dharma de Xuefeng Yicun. Ele aparece em &#8220;Registros do Precip\u00edcio Azul&#8221; 6, 8, 14, 15, 22, 27, &hellip; <a href=\"http:\/\/www.nossacasa.net\/shunya\/wen-yen-de-yun-men\/\">Continue lendo <span class=\"meta-nav\">&rarr;<\/span><\/a><!-- AddThis Advanced Settings generic via filter on get_the_excerpt --><!-- AddThis Share Buttons generic via filter on get_the_excerpt --><\/p>\n","protected":false},"author":1,"featured_media":0,"parent":0,"menu_order":0,"comment_status":"closed","ping_status":"closed","template":"","meta":{"footnotes":""},"class_list":["post-7096","page","type-page","status-publish","hentry"],"_links":{"self":[{"href":"http:\/\/www.nossacasa.net\/shunya\/wp-json\/wp\/v2\/pages\/7096","targetHints":{"allow":["GET"]}}],"collection":[{"href":"http:\/\/www.nossacasa.net\/shunya\/wp-json\/wp\/v2\/pages"}],"about":[{"href":"http:\/\/www.nossacasa.net\/shunya\/wp-json\/wp\/v2\/types\/page"}],"author":[{"embeddable":true,"href":"http:\/\/www.nossacasa.net\/shunya\/wp-json\/wp\/v2\/users\/1"}],"replies":[{"embeddable":true,"href":"http:\/\/www.nossacasa.net\/shunya\/wp-json\/wp\/v2\/comments?post=7096"}],"version-history":[{"count":3,"href":"http:\/\/www.nossacasa.net\/shunya\/wp-json\/wp\/v2\/pages\/7096\/revisions"}],"predecessor-version":[{"id":7100,"href":"http:\/\/www.nossacasa.net\/shunya\/wp-json\/wp\/v2\/pages\/7096\/revisions\/7100"}],"wp:attachment":[{"href":"http:\/\/www.nossacasa.net\/shunya\/wp-json\/wp\/v2\/media?parent=7096"}],"curies":[{"name":"wp","href":"https:\/\/api.w.org\/{rel}","templated":true}]}}