{"id":7168,"date":"2021-04-09T11:03:17","date_gmt":"2021-04-09T13:03:17","guid":{"rendered":"http:\/\/www.nossacasa.net\/shunya\/?page_id=7168"},"modified":"2021-04-09T11:03:17","modified_gmt":"2021-04-09T13:03:17","slug":"hsuan-sha-shih-pei835-890","status":"publish","type":"page","link":"http:\/\/www.nossacasa.net\/shunya\/hsuan-sha-shih-pei835-890\/","title":{"rendered":"Hsuan-sha Shih-pei(835-890)"},"content":{"rendered":"<div style=\"text-align:justify\">\n<a name=\"inicio\"><\/a><\/p>\n<hr \/>\n<p><a href=\"#a\">Refer\u00eancias<\/a><\/p>\n<hr \/>\n<p><a NAME=\"a\"><strong>Refer\u00eancias<\/strong><\/a><sup>1<\/sup><br \/>\nUm Herdeiro de Dharma de Xuefeng Yicun. Deu Transmiss\u00e3o a Dizang Guichen.<br \/>\nEle aparece em &#8220;Registros do Precip\u00edcio Azul&#8221; 22, 56, 88, &#8220;Registros do Sil\u00eancio&#8221; 81 e no coment\u00e1rio de Wumen em &#8220;Gateless Gate&#8221; 41. Ver o Ikka Myoju de Dogen.<\/p>\n<hr \/>\n<ol TYPE=\"1\">\n<li><font SIZE=\"1\">Extra\u00eddo de &#8220;Ensinos do Mestre Zen Anzan Roshi&#8221;(texto compilado pelo Ven. Jinmyo Fleming ino e traduzido ao Portugu\u00eas por Claudio Miklos.<br \/>\n<\/font><\/li>\n<\/ol>\n<hr \/>\n<div STYLE=\"text-align:right\"><a HREF=\"#inicio\">Topo<\/a><\/div>\n<hr \/>\n<\/div>\n<!-- AddThis Advanced Settings generic via filter on the_content --><!-- AddThis Share Buttons generic via filter on the_content -->","protected":false},"excerpt":{"rendered":"<p>Refer\u00eancias Refer\u00eancias1 Um Herdeiro de Dharma de Xuefeng Yicun. Deu Transmiss\u00e3o a Dizang Guichen. Ele aparece em &#8220;Registros do Precip\u00edcio Azul&#8221; 22, 56, 88, &#8220;Registros do Sil\u00eancio&#8221; 81 e no coment\u00e1rio de Wumen em &#8220;Gateless Gate&#8221; 41. Ver o Ikka &hellip; <a href=\"http:\/\/www.nossacasa.net\/shunya\/hsuan-sha-shih-pei835-890\/\">Continue lendo <span class=\"meta-nav\">&rarr;<\/span><\/a><!-- AddThis Advanced Settings generic via filter on get_the_excerpt --><!-- AddThis Share Buttons generic via filter on get_the_excerpt --><\/p>\n","protected":false},"author":1,"featured_media":0,"parent":0,"menu_order":0,"comment_status":"closed","ping_status":"closed","template":"","meta":{"footnotes":""},"class_list":["post-7168","page","type-page","status-publish","hentry"],"_links":{"self":[{"href":"http:\/\/www.nossacasa.net\/shunya\/wp-json\/wp\/v2\/pages\/7168","targetHints":{"allow":["GET"]}}],"collection":[{"href":"http:\/\/www.nossacasa.net\/shunya\/wp-json\/wp\/v2\/pages"}],"about":[{"href":"http:\/\/www.nossacasa.net\/shunya\/wp-json\/wp\/v2\/types\/page"}],"author":[{"embeddable":true,"href":"http:\/\/www.nossacasa.net\/shunya\/wp-json\/wp\/v2\/users\/1"}],"replies":[{"embeddable":true,"href":"http:\/\/www.nossacasa.net\/shunya\/wp-json\/wp\/v2\/comments?post=7168"}],"version-history":[{"count":2,"href":"http:\/\/www.nossacasa.net\/shunya\/wp-json\/wp\/v2\/pages\/7168\/revisions"}],"predecessor-version":[{"id":7170,"href":"http:\/\/www.nossacasa.net\/shunya\/wp-json\/wp\/v2\/pages\/7168\/revisions\/7170"}],"wp:attachment":[{"href":"http:\/\/www.nossacasa.net\/shunya\/wp-json\/wp\/v2\/media?parent=7168"}],"curies":[{"name":"wp","href":"https:\/\/api.w.org\/{rel}","templated":true}]}}